{"id":3943,"date":"2025-01-30T17:02:42","date_gmt":"2025-01-30T16:02:42","guid":{"rendered":"https:\/\/eimacreacio.com\/?page_id=3943"},"modified":"2025-01-30T17:05:02","modified_gmt":"2025-01-30T16:05:02","slug":"aviso-legal","status":"publish","type":"page","link":"https:\/\/eimacreacio.com\/es\/aviso-legal\/","title":{"rendered":"AVISO LEGAL"},"content":{"rendered":"<p>[et_pb_section fb_built=\u00bb1&#8243; admin_label=\u00bbsection\u00bb _builder_version=\u00bb4.16&#8243; global_colors_info=\u00bb{}\u00bb][et_pb_row admin_label=\u00bbrow\u00bb _builder_version=\u00bb4.16&#8243; background_size=\u00bbinitial\u00bb background_position=\u00bbtop_left\u00bb background_repeat=\u00bbrepeat\u00bb global_colors_info=\u00bb{}\u00bb][et_pb_column type=\u00bb4_4&#8243; _builder_version=\u00bb4.16&#8243; custom_padding=\u00bb|||\u00bb global_colors_info=\u00bb{}\u00bb custom_padding__hover=\u00bb|||\u00bb][et_pb_post_title _builder_version=\u00bb4.27.0&#8243; _module_preset=\u00bbdefault\u00bb meta=\u00bboff\u00bb featured_image=\u00bboff\u00bb hover_enabled=\u00bb0&#8243; sticky_enabled=\u00bb0&#8243;][\/et_pb_post_title][et_pb_text admin_label=\u00bbText\u00bb _builder_version=\u00bb4.27.0&#8243; background_size=\u00bbinitial\u00bb background_position=\u00bbtop_left\u00bb background_repeat=\u00bbrepeat\u00bb hover_enabled=\u00bb0&#8243; global_colors_info=\u00bb{}\u00bb text_text_color=\u00bb#000000&#8243; sticky_enabled=\u00bb0&#8243;]<\/p>\n<h2 class=\"wp-block-heading\"><strong>Introducci\u00f3n<\/strong><\/h2>\n<\/p>\n<p>En cumplimiento de la Ley 34\/2002, de 11 de julio, de Servicios de la Sociedad de la Informaci\u00f3n y de Comercio Electr\u00f3nico (LSSI-CE), EIMA CREACIO informa que es titular del sitio web. De acuerdo con la exigencia del art\u00edculo 10 de la citada Ley, EIMA CREACIO informa de los siguientes datos:<\/p>\n<\/p>\n<p>RAZ\u00d3N SOCIAL EIMA CREACIO<br \/>NIF G57979775<br \/>DOMINIO WWW.EIMACREACIO.COM<br \/>DIRECCI\u00d3N POSTAL SANT MIQUEL 9,07519 MARIA DE LA SALUT(ILLES BALEARS)<br \/>DIRECCI\u00d3N ELECTR\u00d3NICA EIMA.CRECIO@GMAIL.COM<br \/>TEL\u00c9FONOS 659952033<\/p>\n<\/p>\n<h2 class=\"wp-block-heading\"><strong>Usuario y r\u00e9gimen de responsabilidades<\/strong><\/h2>\n<\/p>\n<p>La navegaci\u00f3n, acceso y uso por el sitio web de EIMA CREACIO confiere la condici\u00f3n de usuario.<\/p>\n<\/p>\n<p>El sitio web de EIMA CREACIO proporciona gran diversidad de informaci\u00f3n, servicios y datos. El usuario asume su responsabilidad en el uso correcto del sitio web. Esta responsabilidad se extender\u00e1 a:<\/p>\n<\/p>\n<p>La veracidad y licitud de las informaciones aportadas por el usuario en los formularios extendidos por EIMA CREACIO para el acceso a ciertos contenidos o servicios ofrecidos por el web.<\/p>\n<\/p>\n<p>El uso de la informaci\u00f3n, servicios y datos ofrecidos por EIMA CREACIO contrariamente a lo dispuesto por las presentes condiciones, la Ley, la moral, las buenas costumbres o el orden p\u00fablico, o que de cualquier otro modo puedan suponer lesi\u00f3n de los derechos de terceros o del mismo funcionamiento del sitio web.<\/p>\n<\/p>\n<h2 class=\"wp-block-heading\">Pol\u00edtica de enlaces y exenciones de responsabilidad<\/h2>\n<\/p>\n<p>EIMA CREACIO no se hace responsable del contenido de los sitios web a los que el usuario pueda acceder a trav\u00e9s de los enlaces establecidos en su sitio web, siempre que no tenga conocimiento efectivo de que la actividad o la informaci\u00f3n a la que remite o recomienda es il\u00edcita o de que lesiona bienes o derechos de un tercero susceptibles de indemnizaci\u00f3n, o, en caso de tenerlo, act\u00fae con diligencia para suprimir o inutilizar el enlace correspondiente.<\/p>\n<\/p>\n<p>Se entender\u00e1 que EIMA CREACIO tiene el conocimiento efectivo a que se refiere el p\u00e1rrafo anterior cuando un \u00f3rgano competente haya declarado la ilicitud de los datos, ordenado su retirada o que se imposibilite el acceso a los mismos, o se hubiera declarado la existencia de la lesi\u00f3n, y EIMA CREACIO conociera la correspondiente resoluci\u00f3n, sin perjuicio de los procedimientos de detecci\u00f3n y retirada de contenidos que EIMA CREACIO aplique en virtud de acuerdos voluntarios y de otros medios de conocimiento efectivo que pudieran establecerse.<\/p>\n<\/p>\n<p>EIMA CREACIO declara haber adoptado todas las medidas necesarias para evitar cualquier da\u00f1o a los usuarios de su sitio web, que pudieran derivarse de la navegaci\u00f3n por su sitio web. En consecuencia, EIMA CREACIO no se hace responsable, en ning\u00fan caso, de los eventuales da\u00f1os que por la navegaci\u00f3n por Internet pudiera sufrir el usuario. Asimismo, tampoco garantizar\u00e1 la disponibilidad t\u00e9cnica, exactitud, veracidad, validez o legalidad de sitios ajenos a su propiedad a los que se pueda acceder por medio de los enlaces.<\/p>\n<\/p>\n<h2 class=\"wp-block-heading\">Modificaciones<\/h2>\n<\/p>\n<p>EIMA CREACIO se reserva la facultad de efectuar, en cualquier momento y sin necesidad de previo aviso, modificaciones y actualizaciones de la informaci\u00f3n contenida en su sitio web o en la configuraci\u00f3n y presentaci\u00f3n de esta. Con objeto de mantener actualizada la informaci\u00f3n publicada, los contenidos del mismo podr\u00e1n ser modificados, corregidos, eliminados o a\u00f1adidos en cualquier momento, por cualquier forma admisible en derecho.<\/p>\n<\/p>\n<h2 class=\"wp-block-heading\">Indicaci\u00f3n de precios<\/h2>\n<\/p>\n<p>En caso de que se muestren precios de productos y\/o servicios, los indicados en pantalla ser\u00e1n los vigentes en cada momento. Los precios ser\u00e1n indicados en euros y tendr\u00e1n incorporado el Impuesto sobre el Valor A\u00f1adido (IVA). En caso de que no se incorpore el IVA en el precio, se indicar\u00e1 de manera expresa y se permitir\u00e1 al usuario visualizar el precio final completo.<br \/>Asimismo, si fuera aplicable cualquier otro impuesto, as\u00ed se indicar\u00eda, incluyendo, en su caso, el importe de los incrementos o descuentos que sean de aplicaci\u00f3n a la oferta y los gastos adicionales que puedan repercutir al consumidor o usuario<\/p>\n<\/p>\n<h2 class=\"wp-block-heading\">Propiedad intelectual e industrial<\/h2>\n<\/p>\n<p>EIMA CREACIO por s\u00ed misma o como cesionaria, es titular de todos los derechos de propiedad intelectual e industrial de su p\u00e1gina web, as\u00ed como de los elementos contenidos en la misma (a t\u00edtulo enunciativo, im\u00e1genes, sonido, audio, v\u00eddeo, software o textos; marcas o logotipos, combinaciones de colores, estructura y dise\u00f1o, selecci\u00f3n de materiales usados, programas de ordenador necesarios para su funcionamiento, acceso y uso, etc.), titularidad de EIMA CREACIO. Ser\u00e1n, por consiguiente, obras protegidas como propiedad intelectual por el ordenamiento jur\u00eddico espa\u00f1ol, si\u00e9ndoles aplicables tanto la normativa espa\u00f1ola y comunitaria en este campo, como los tratados internacionales relativos a la materia y suscritos por Espa\u00f1a.<\/p>\n<\/p>\n<p>Todos los derechos reservados. En virtud de lo dispuesto en la Ley de Propiedad Intelectual, quedan expresamente prohibidas la reproducci\u00f3n, la distribuci\u00f3n y la comunicaci\u00f3n p\u00fablica, incluida su modalidad de puesta a disposici\u00f3n, de la totalidad o parte de los contenidos de esta p\u00e1gina web, con fines comerciales, en cualquier soporte y por cualquier medio t\u00e9cnico, sin la autorizaci\u00f3n de EIMA CREACIO.<\/p>\n<\/p>\n<p>El usuario se compromete a respetar los derechos de Propiedad Intelectual e Industrial titularidad de EIMA CREACIO. Podr\u00e1 visualizar los elementos del portal e incluso imprimirlos, copiarlos y almacenarlos en el disco duro de su ordenador o en cualquier otro soporte f\u00edsico siempre y cuando sea, \u00fanica y exclusivamente, para su uso personal y privado. El usuario deber\u00e1 abstenerse de suprimir, alterar, eludir o manipular cualquier dispositivo de protecci\u00f3n o sistema de seguridad que estuviera instalado en las p\u00e1ginas de EIMA CREACIO.<\/p>\n<\/p>\n<p>Certificado SSL (secure sockets layer)<\/p>\n<\/p>\n<p>El CERTIFICADO SSL proporciona autenticaci\u00f3n, privacidad y seguridad de la informaci\u00f3n entre EIMA CREACIO y el usuario.<\/p>\n<\/p>\n<p>EIMA CREACIO dispone de un certificado de seguridad que se utiliza por CERTIFICADO SSL para realizar conexiones seguras.<\/p>\n<\/p>\n<p>En este proceso se establecen varios par\u00e1metros para realizar la conexi\u00f3n de forma segura y se establece usando llaves preestablecidas, codificando y descodificando todos los datos enviados hasta que la conexi\u00f3n sea cerrada.<\/p>\n<\/p>\n<h2 class=\"wp-block-heading\">Acciones legales, legislaci\u00f3n aplicable y jurisdicci\u00f3n<\/h2>\n<\/p>\n<p>Si el usuario desea presentar una reclamaci\u00f3n, deber\u00e1 contactar mediante el correo electr\u00f3nico EIMA.CRECIO@GMAIL.COM. Asimismo, EIMA CREACIO dispone de hojas oficiales de reclamaci\u00f3n a disposici\u00f3n de los consumidores y usuarios.<\/p>\n<\/p>\n<p>EIMA CREACIO se reserva la facultad de presentar las acciones civiles o penales que considere oportunas por la utilizaci\u00f3n indebida de su sitio web y contenidos, o por el incumplimiento de las presentes condiciones.<\/p>\n<\/p>\n<p>La relaci\u00f3n entre el usuario y el prestador se regir\u00e1 por la normativa vigente y de aplicaci\u00f3n en el territorio espa\u00f1ol. De surgir cualquier controversia las partes podr\u00e1n someter sus conflictos a arbitraje o acudir a la jurisdicci\u00f3n ordinaria cumpliendo con las normas sobre jurisdicci\u00f3n y competencia al respecto.<\/p>\n<\/p>\n<h2 class=\"wp-block-heading\">C\u00f3digo de conducta para usuarios en los comentarios<\/h2>\n<\/p>\n<p>El Usuario deber\u00e1 cumplir con todas las leyes que sean de aplicaci\u00f3n y utilizar los espacios disponibles en el sitio web para dejar comentarios de modo correcto y respetar el c\u00f3digo de conducta que se establece en este apartado, as\u00ed como tener en cuenta el r\u00e9gimen de responsabilidades que se puedan derivar de la utilizaci\u00f3n de estos espacio de forma incorrecta o il\u00edcita.<\/p>\n<\/p>\n<p>EIMA CREACIO informa de las conductas que no considera apropiadas y de la potestad que dispone para actuar en consecuencia sobre los siguientes usos, actuaciones, omisiones o declaraciones que el miembro realice, en virtud de la relaci\u00f3n que le une como usuario:<\/p>\n<\/p>\n<p>Actuar de manera deshonesta o poco profesional.<\/p>\n<\/p>\n<p>Publicar contenidos inapropiados o inexactos.<\/p>\n<\/p>\n<p>Acosar, abusar, amenazar o da\u00f1ar a otra persona o usuario<\/p>\n<\/p>\n<p>Utilizar o publicar a trav\u00e9s de im\u00e1genes, videos o cualquier comentario en el perfil que pueda herir la sensibilidad de los Usuario, as\u00ed como que pueda discriminar por cualquier condici\u00f3n, raza, grupo \u00e9tnico, nacionalidad, religi\u00f3n, sexo, orientaci\u00f3n sexual, discapacidad o enfermedad, o que sean ilegales, injuriosos, abusivos, obscenos, discriminatorios o por otras causas consideradas reprochables.<\/p>\n<\/p>\n<p>Usar la cuenta de otra persona o crear una identidad falsa<\/p>\n<\/p>\n<p>Realizar declaraciones falsas que suplanten la identidad.<\/p>\n<\/p>\n<p>Incluir contenido que contengan virus inform\u00e1ticos u otros que puedan eliminar, interrumpir u obstaculizar la correcta navegaci\u00f3n.<\/p>\n<\/p>\n<p>Vender, patrocinar u obtener beneficio econ\u00f3mico a trav\u00e9s del sitio web sin la autorizaci\u00f3n de EIMA CREACIO o si se ha establecido otro m\u00e9todo proporcionado por EIMA CREACIO para la gesti\u00f3n de un servicio exclusivo.<\/p>\n<\/p>\n<p>Compartir informaci\u00f3n de personas que no son Usuario sin su consentimiento expreso.<\/p>\n<\/p>\n<p>Crear perfiles falsos en la aplicaci\u00f3n, en el caso de que se detecte que existen perfiles falsos ser\u00e1n eliminado de forma inmediata.<\/p>\n<\/p>\n<p>Promover el racismo, la xenofobia o el fanatismo de cualquier clase contra cualquier grupo o individuo.<\/p>\n<\/p>\n<p>Imitar o suplantar a cualquier persona o entidad.<\/p>\n<\/p>\n<p>Solicitar dinero de otros usuarios.<\/p>\n<\/p>\n<p>Enviar v\u00eddeos, audios o fotograf\u00edas con im\u00e1genes de otra persona sin su autorizaci\u00f3n (o en el caso de un menor, sin la autorizaci\u00f3n de sus padres o tutores legales).<\/p>\n<\/p>\n<p>\u00daltima actualizaci\u00f3n: 9 de abril de 2024<\/p>\n<\/p>\n<p>[\/et_pb_text][\/et_pb_column][\/et_pb_row][\/et_pb_section]<\/p>\n","protected":false},"excerpt":{"rendered":"<p>Introducci\u00f3n En cumplimiento de la Ley 34\/2002, de 11 de julio, de Servicios de la Sociedad de la Informaci\u00f3n y de Comercio Electr\u00f3nico (LSSI-CE), EIMA CREACIO informa que es titular del sitio web. De acuerdo con la exigencia del art\u00edculo 10 de la citada Ley, EIMA CREACIO informa de los siguientes datos: RAZ\u00d3N SOCIAL EIMA [&hellip;]<\/p>\n","protected":false},"author":1,"featured_media":0,"parent":0,"menu_order":0,"comment_status":"closed","ping_status":"closed","template":"","meta":{"_acf_changed":false,"_et_pb_use_builder":"on","_et_pb_old_content":"<!-- wp:heading -->\n<h2 class=\"wp-block-heading\"><strong>Introducci\u00f3n<\/strong><\/h2>\n<!-- \/wp:heading -->\n\n<!-- wp:paragraph -->\n<p>En cumplimiento de la Ley 34\/2002, de 11 de julio, de Servicios de la Sociedad de la Informaci\u00f3n y de Comercio Electr\u00f3nico (LSSI-CE), EIMA CREACIO informa que es titular del sitio web. De acuerdo con la exigencia del art\u00edculo 10 de la citada Ley, EIMA CREACIO informa de los siguientes datos:<\/p>\n<!-- \/wp:paragraph -->\n\n<!-- wp:paragraph -->\n<p>RAZ\u00d3N SOCIAL EIMA CREACIO<br>NIF G57979775<br>DOMINIO WWW.EIMACREACIO.COM<br>DIRECCI\u00d3N POSTAL SANT MIQUEL 9,07519 MARIA DE LA SALUT(ILLES BALEARS)<br>DIRECCI\u00d3N ELECTR\u00d3NICA EIMA.CRECIO@GMAIL.COM<br>TEL\u00c9FONOS 659952033<\/p>\n<!-- \/wp:paragraph -->\n\n<!-- wp:heading -->\n<h2 class=\"wp-block-heading\"><strong>Usuario y r\u00e9gimen de responsabilidades<\/strong><\/h2>\n<!-- \/wp:heading -->\n\n<!-- wp:paragraph -->\n<p>La navegaci\u00f3n, acceso y uso por el sitio web de EIMA CREACIO confiere la condici\u00f3n de usuario.<\/p>\n<!-- \/wp:paragraph -->\n\n<!-- wp:paragraph -->\n<p>El sitio web de EIMA CREACIO proporciona gran diversidad de informaci\u00f3n, servicios y datos. El usuario asume su responsabilidad en el uso correcto del sitio web. Esta responsabilidad se extender\u00e1 a:<\/p>\n<!-- \/wp:paragraph -->\n\n<!-- wp:paragraph -->\n<p>La veracidad y licitud de las informaciones aportadas por el usuario en los formularios extendidos por EIMA CREACIO para el acceso a ciertos contenidos o servicios ofrecidos por el web.<\/p>\n<!-- \/wp:paragraph -->\n\n<!-- wp:paragraph -->\n<p>El uso de la informaci\u00f3n, servicios y datos ofrecidos por EIMA CREACIO contrariamente a lo dispuesto por las presentes condiciones, la Ley, la moral, las buenas costumbres o el orden p\u00fablico, o que de cualquier otro modo puedan suponer lesi\u00f3n de los derechos de terceros o del mismo funcionamiento del sitio web.<\/p>\n<!-- \/wp:paragraph -->\n\n<!-- wp:heading -->\n<h2 class=\"wp-block-heading\">Pol\u00edtica de enlaces y exenciones de responsabilidad<\/h2>\n<!-- \/wp:heading -->\n\n<!-- wp:paragraph -->\n<p>EIMA CREACIO no se hace responsable del contenido de los sitios web a los que el usuario pueda acceder a trav\u00e9s de los enlaces establecidos en su sitio web, siempre que no tenga conocimiento efectivo de que la actividad o la informaci\u00f3n a la que remite o recomienda es il\u00edcita o de que lesiona bienes o derechos de un tercero susceptibles de indemnizaci\u00f3n, o, en caso de tenerlo, act\u00fae con diligencia para suprimir o inutilizar el enlace correspondiente.<\/p>\n<!-- \/wp:paragraph -->\n\n<!-- wp:paragraph -->\n<p>Se entender\u00e1 que EIMA CREACIO tiene el conocimiento efectivo a que se refiere el p\u00e1rrafo anterior cuando un \u00f3rgano competente haya declarado la ilicitud de los datos, ordenado su retirada o que se imposibilite el acceso a los mismos, o se hubiera declarado la existencia de la lesi\u00f3n, y EIMA CREACIO conociera la correspondiente resoluci\u00f3n, sin perjuicio de los procedimientos de detecci\u00f3n y retirada de contenidos que EIMA CREACIO aplique en virtud de acuerdos voluntarios y de otros medios de conocimiento efectivo que pudieran establecerse.<\/p>\n<!-- \/wp:paragraph -->\n\n<!-- wp:paragraph -->\n<p>EIMA CREACIO declara haber adoptado todas las medidas necesarias para evitar cualquier da\u00f1o a los usuarios de su sitio web, que pudieran derivarse de la navegaci\u00f3n por su sitio web. En consecuencia, EIMA CREACIO no se hace responsable, en ning\u00fan caso, de los eventuales da\u00f1os que por la navegaci\u00f3n por Internet pudiera sufrir el usuario. Asimismo, tampoco garantizar\u00e1 la disponibilidad t\u00e9cnica, exactitud, veracidad, validez o legalidad de sitios ajenos a su propiedad a los que se pueda acceder por medio de los enlaces.<\/p>\n<!-- \/wp:paragraph -->\n\n<!-- wp:heading -->\n<h2 class=\"wp-block-heading\">Modificaciones<\/h2>\n<!-- \/wp:heading -->\n\n<!-- wp:paragraph -->\n<p>EIMA CREACIO se reserva la facultad de efectuar, en cualquier momento y sin necesidad de previo aviso, modificaciones y actualizaciones de la informaci\u00f3n contenida en su sitio web o en la configuraci\u00f3n y presentaci\u00f3n de esta. Con objeto de mantener actualizada la informaci\u00f3n publicada, los contenidos del mismo podr\u00e1n ser modificados, corregidos, eliminados o a\u00f1adidos en cualquier momento, por cualquier forma admisible en derecho.<\/p>\n<!-- \/wp:paragraph -->\n\n<!-- wp:heading -->\n<h2 class=\"wp-block-heading\">Indicaci\u00f3n de precios<\/h2>\n<!-- \/wp:heading -->\n\n<!-- wp:paragraph -->\n<p><br>En caso de que se muestren precios de productos y\/o servicios, los indicados en pantalla ser\u00e1n los vigentes en cada momento. Los precios ser\u00e1n indicados en euros y tendr\u00e1n incorporado el Impuesto sobre el Valor A\u00f1adido (IVA). En caso de que no se incorpore el IVA en el precio, se indicar\u00e1 de manera expresa y se permitir\u00e1 al usuario visualizar el precio final completo.<br>Asimismo, si fuera aplicable cualquier otro impuesto, as\u00ed se indicar\u00eda, incluyendo, en su caso, el importe de los incrementos o descuentos que sean de aplicaci\u00f3n a la oferta y los gastos adicionales que puedan repercutir al consumidor o usuario<\/p>\n<!-- \/wp:paragraph -->\n\n<!-- wp:heading -->\n<h2 class=\"wp-block-heading\">Propiedad intelectual e industrial<\/h2>\n<!-- \/wp:heading -->\n\n<!-- wp:paragraph -->\n<p>EIMA CREACIO por s\u00ed misma o como cesionaria, es titular de todos los derechos de propiedad intelectual e industrial de su p\u00e1gina web, as\u00ed como de los elementos contenidos en la misma (a t\u00edtulo enunciativo, im\u00e1genes, sonido, audio, v\u00eddeo, software o textos; marcas o logotipos, combinaciones de colores, estructura y dise\u00f1o, selecci\u00f3n de materiales usados, programas de ordenador necesarios para su funcionamiento, acceso y uso, etc.), titularidad de EIMA CREACIO. Ser\u00e1n, por consiguiente, obras protegidas como propiedad intelectual por el ordenamiento jur\u00eddico espa\u00f1ol, si\u00e9ndoles aplicables tanto la normativa espa\u00f1ola y comunitaria en este campo, como los tratados internacionales relativos a la materia y suscritos por Espa\u00f1a.<\/p>\n<!-- \/wp:paragraph -->\n\n<!-- wp:paragraph -->\n<p>Todos los derechos reservados. En virtud de lo dispuesto en la Ley de Propiedad Intelectual, quedan expresamente prohibidas la reproducci\u00f3n, la distribuci\u00f3n y la comunicaci\u00f3n p\u00fablica, incluida su modalidad de puesta a disposici\u00f3n, de la totalidad o parte de los contenidos de esta p\u00e1gina web, con fines comerciales, en cualquier soporte y por cualquier medio t\u00e9cnico, sin la autorizaci\u00f3n de EIMA CREACIO.<\/p>\n<!-- \/wp:paragraph -->\n\n<!-- wp:paragraph -->\n<p>El usuario se compromete a respetar los derechos de Propiedad Intelectual e Industrial titularidad de EIMA CREACIO. Podr\u00e1 visualizar los elementos del portal e incluso imprimirlos, copiarlos y almacenarlos en el disco duro de su ordenador o en cualquier otro soporte f\u00edsico siempre y cuando sea, \u00fanica y exclusivamente, para su uso personal y privado. El usuario deber\u00e1 abstenerse de suprimir, alterar, eludir o manipular cualquier dispositivo de protecci\u00f3n o sistema de seguridad que estuviera instalado en las p\u00e1ginas de EIMA CREACIO.<\/p>\n<!-- \/wp:paragraph -->\n\n<!-- wp:paragraph -->\n<p>Certificado SSL (secure sockets layer)<\/p>\n<!-- \/wp:paragraph -->\n\n<!-- wp:paragraph -->\n<p>El CERTIFICADO SSL proporciona autenticaci\u00f3n, privacidad y seguridad de la informaci\u00f3n entre EIMA CREACIO y el usuario.<\/p>\n<!-- \/wp:paragraph -->\n\n<!-- wp:paragraph -->\n<p>EIMA CREACIO dispone de un certificado de seguridad que se utiliza por CERTIFICADO SSL para realizar conexiones seguras.<\/p>\n<!-- \/wp:paragraph -->\n\n<!-- wp:paragraph -->\n<p>En este proceso se establecen varios par\u00e1metros para realizar la conexi\u00f3n de forma segura y se establece usando llaves preestablecidas, codificando y descodificando todos los datos enviados hasta que la conexi\u00f3n sea cerrada.<\/p>\n<!-- \/wp:paragraph -->\n\n<!-- wp:heading -->\n<h2 class=\"wp-block-heading\">Acciones legales, legislaci\u00f3n aplicable y jurisdicci\u00f3n<\/h2>\n<!-- \/wp:heading -->\n\n<!-- wp:paragraph -->\n<p>Si el usuario desea presentar una reclamaci\u00f3n, deber\u00e1 contactar mediante el correo electr\u00f3nico EIMA.CRECIO@GMAIL.COM. Asimismo, EIMA CREACIO dispone de hojas oficiales de reclamaci\u00f3n a disposici\u00f3n de los consumidores y usuarios.<\/p>\n<!-- \/wp:paragraph -->\n\n<!-- wp:paragraph -->\n<p>EIMA CREACIO se reserva la facultad de presentar las acciones civiles o penales que considere oportunas por la utilizaci\u00f3n indebida de su sitio web y contenidos, o por el incumplimiento de las presentes condiciones.<\/p>\n<!-- \/wp:paragraph -->\n\n<!-- wp:paragraph -->\n<p>La relaci\u00f3n entre el usuario y el prestador se regir\u00e1 por la normativa vigente y de aplicaci\u00f3n en el territorio espa\u00f1ol. De surgir cualquier controversia las partes podr\u00e1n someter sus conflictos a arbitraje o acudir a la jurisdicci\u00f3n ordinaria cumpliendo con las normas sobre jurisdicci\u00f3n y competencia al respecto.<\/p>\n<!-- \/wp:paragraph -->\n\n<!-- wp:heading -->\n<h2 class=\"wp-block-heading\">C\u00f3digo de conducta para usuarios en los comentarios<\/h2>\n<!-- \/wp:heading -->\n\n<!-- wp:paragraph -->\n<p>El Usuario deber\u00e1 cumplir con todas las leyes que sean de aplicaci\u00f3n y utilizar los espacios disponibles en el sitio web para dejar comentarios de modo correcto y respetar el c\u00f3digo de conducta que se establece en este apartado, as\u00ed como tener en cuenta el r\u00e9gimen de responsabilidades que se puedan derivar de la utilizaci\u00f3n de estos espacio de forma incorrecta o il\u00edcita.<\/p>\n<!-- \/wp:paragraph -->\n\n<!-- wp:paragraph -->\n<p>EIMA CREACIO informa de las conductas que no considera apropiadas y de la potestad que dispone para actuar en consecuencia sobre los siguientes usos, actuaciones, omisiones o declaraciones que el miembro realice, en virtud de la relaci\u00f3n que le une como usuario:<\/p>\n<!-- \/wp:paragraph -->\n\n<!-- wp:paragraph -->\n<p>Actuar de manera deshonesta o poco profesional.<\/p>\n<!-- \/wp:paragraph -->\n\n<!-- wp:paragraph -->\n<p>Publicar contenidos inapropiados o inexactos.<\/p>\n<!-- \/wp:paragraph -->\n\n<!-- wp:paragraph -->\n<p>Acosar, abusar, amenazar o da\u00f1ar a otra persona o usuario<\/p>\n<!-- \/wp:paragraph -->\n\n<!-- wp:paragraph -->\n<p>Utilizar o publicar a trav\u00e9s de im\u00e1genes, videos o cualquier comentario en el perfil que pueda herir la sensibilidad de los Usuario, as\u00ed como que pueda discriminar por cualquier condici\u00f3n, raza, grupo \u00e9tnico, nacionalidad, religi\u00f3n, sexo, orientaci\u00f3n sexual, discapacidad o enfermedad, o que sean ilegales, injuriosos, abusivos, obscenos, discriminatorios o por otras causas consideradas reprochables.<\/p>\n<!-- \/wp:paragraph -->\n\n<!-- wp:paragraph -->\n<p>Usar la cuenta de otra persona o crear una identidad falsa<\/p>\n<!-- \/wp:paragraph -->\n\n<!-- wp:paragraph -->\n<p>Realizar declaraciones falsas que suplanten la identidad.<\/p>\n<!-- \/wp:paragraph -->\n\n<!-- wp:paragraph -->\n<p>Incluir contenido que contengan virus inform\u00e1ticos u otros que puedan eliminar, interrumpir u obstaculizar la correcta navegaci\u00f3n.<\/p>\n<!-- \/wp:paragraph -->\n\n<!-- wp:paragraph -->\n<p>Vender, patrocinar u obtener beneficio econ\u00f3mico a trav\u00e9s del sitio web sin la autorizaci\u00f3n de EIMA CREACIO o si se ha establecido otro m\u00e9todo proporcionado por EIMA CREACIO para la gesti\u00f3n de un servicio exclusivo.<\/p>\n<!-- \/wp:paragraph -->\n\n<!-- wp:paragraph -->\n<p>Compartir informaci\u00f3n de personas que no son Usuario sin su consentimiento expreso.<\/p>\n<!-- \/wp:paragraph -->\n\n<!-- wp:paragraph -->\n<p>Crear perfiles falsos en la aplicaci\u00f3n, en el caso de que se detecte que existen perfiles falsos ser\u00e1n eliminado de forma inmediata.<\/p>\n<!-- \/wp:paragraph -->\n\n<!-- wp:paragraph -->\n<p>Promover el racismo, la xenofobia o el fanatismo de cualquier clase contra cualquier grupo o individuo.<\/p>\n<!-- \/wp:paragraph -->\n\n<!-- wp:paragraph -->\n<p>Imitar o suplantar a cualquier persona o entidad.<\/p>\n<!-- \/wp:paragraph -->\n\n<!-- wp:paragraph -->\n<p>Solicitar dinero de otros usuarios.<\/p>\n<!-- \/wp:paragraph -->\n\n<!-- wp:paragraph -->\n<p>Enviar v\u00eddeos, audios o fotograf\u00edas con im\u00e1genes de otra persona sin su autorizaci\u00f3n (o en el caso de un menor, sin la autorizaci\u00f3n de sus padres o tutores legales).<\/p>\n<!-- \/wp:paragraph -->\n\n<!-- wp:paragraph -->\n<p>\u00daltima actualizaci\u00f3n: 9 de abril de 2024<\/p>\n<!-- \/wp:paragraph -->","_et_gb_content_width":"","footnotes":""},"class_list":["post-3943","page","type-page","status-publish","hentry"],"acf":[],"_links":{"self":[{"href":"https:\/\/eimacreacio.com\/es\/wp-json\/wp\/v2\/pages\/3943","targetHints":{"allow":["GET"]}}],"collection":[{"href":"https:\/\/eimacreacio.com\/es\/wp-json\/wp\/v2\/pages"}],"about":[{"href":"https:\/\/eimacreacio.com\/es\/wp-json\/wp\/v2\/types\/page"}],"author":[{"embeddable":true,"href":"https:\/\/eimacreacio.com\/es\/wp-json\/wp\/v2\/users\/1"}],"replies":[{"embeddable":true,"href":"https:\/\/eimacreacio.com\/es\/wp-json\/wp\/v2\/comments?post=3943"}],"version-history":[{"count":0,"href":"https:\/\/eimacreacio.com\/es\/wp-json\/wp\/v2\/pages\/3943\/revisions"}],"wp:attachment":[{"href":"https:\/\/eimacreacio.com\/es\/wp-json\/wp\/v2\/media?parent=3943"}],"curies":[{"name":"wp","href":"https:\/\/api.w.org\/{rel}","templated":true}]}}