{"id":3416,"date":"2024-06-03T12:11:20","date_gmt":"2024-06-03T10:11:20","guid":{"rendered":"https:\/\/eimacreacio.com\/politica-de-cookies\/"},"modified":"2024-06-12T10:18:43","modified_gmt":"2024-06-12T08:18:43","slug":"politica-de-cookies","status":"publish","type":"page","link":"https:\/\/eimacreacio.com\/es\/politica-de-cookies\/","title":{"rendered":"Pol\u00edtica de cookies"},"content":{"rendered":"\n<p>Conforme a lo dispuesto en el art\u00edculo 22.2 de la Ley 34\/2002, de 11 de julio, de Servicios de la Sociedad de la Informaci\u00f3n y de Comercio Electr\u00f3nico (LSSI-CE) vigente, EIMA CREACIO debe cumplir con la obligaci\u00f3n de informar sobre las cookies que utiliza y sus finalidades.<\/p>\n\n<p>Este sitio web utiliza cookies y\/o tecnolog\u00edas similares que almacenan y recuperan informaci\u00f3n al navegar. Las cookies permiten a una p\u00e1gina web, entre otras cosas, almacenar y recuperar informaci\u00f3n sobre los h\u00e1bitos de navegaci\u00f3n de un Usuario o su equipo y, dependiendo de la informaci\u00f3n que contenga y de la forma en que utilice su equipo, pueden utilizarse para reconocer en el Usuario.<\/p>\n\n<p>Las cookies son esenciales para el funcionamiento de internet, aportando innumerables ventajas en la prestaci\u00f3n de servicios interactivos, facilit\u00e1ndole al Usuario la navegaci\u00f3n y usabilidad de nuestra web.<\/p>\n\n<p>El usuario puede modificar la configuraci\u00f3n personalizada AQU\u00cd.<\/p>\n\n<p>La informaci\u00f3n que le proporcionamos a continuaci\u00f3n le ayudar\u00e1 a comprender los diferentes tipos de cookies<\/p>\n\n<style type=\"text\/css\">.tg  {border-collapse:collapse;border-spacing:0;}\n.tg td{border-color:black;border-style:solid;border-width:1px;font-family:Arial, sans-serif;font-size:14px;\n  overflow:hidden;padding:10px 5px;word-break:normal;}\n.tg th{border-color:black;border-style:solid;border-width:1px;font-family:Arial, sans-serif;font-size:14px;\n  font-weight:normal;overflow:hidden;padding:10px 5px;word-break:normal;}\n.tg .tg-1wig{font-weight:bold;text-align:left;vertical-align:top}\n.tg .tg-c3ow{border-color:inherit;text-align:center;vertical-align:top}\n.tg .tg-fymr{border-color:inherit;font-weight:bold;text-align:left;vertical-align:top}\n.tg .tg-0pky{border-color:inherit;text-align:left;vertical-align:top}\n.tg .tg-0lax{text-align:left;vertical-align:top}\n<\/style><table class=\"tg\"><thead><tr><th class=\"tg-c3ow\" colspan=\"3\"><span style=\"font-weight:bold\">TIPOS DE COOKIES<\/span><\/th><\/tr><\/thead><tbody><tr><td class=\"tg-fymr\" rowspan=\"2\"><span style=\"font-weight:bold;font-style:normal\">SEG\u00daN LA ENTIDAD <\/span><span style=\"font-weight:bold\">QUE LAS GESTIONE<\/span><\/td><td class=\"tg-0pky\">COOKIES PROPIAS<\/td><td class=\"tg-0pky\">Son aquellas que se env\u00edan al equipo terminal del usuario desde un equipo o dominio gestionado por el propio editor y desde el que se presta el servicio solicitado por el usuario.<\/td><\/tr><tr><td class=\"tg-0pky\"><span style=\"font-weight:400;font-style:normal\">COOKIES <\/span>DE TERCERO<\/td><td class=\"tg-0pky\">Son aquellas que se env\u00edan al equipo terminal del usuario desde un equipo o dominio que no es gestionado por el editor, sino por otra entidad que trata los datos obtenidos a trav\u00e9s de las cookies<\/td><\/tr><tr><td class=\"tg-fymr\" rowspan=\"2\"><span style=\"font-weight:bold;font-style:normal\">SEG\u00daN <\/span><span style=\"font-weight:bold\">EL PLAZO DE TIEMPO QUE PERMANEZCAN ACTIVADAS<\/span><\/td><td class=\"tg-0pky\"><span style=\"font-weight:400;font-style:normal\">COOKIES DE SESI\u00d3N<\/span><\/td><td class=\"tg-0pky\">Son aquellas dise\u00f1adas para recabar y almacenar datos mientras el usuario accede a una p\u00e1gina web. Se suelen emplear para almacenar informaci\u00f3n que solo interesa conservar para la prestaci\u00f3n del servicio solicitado por el usuario en una sola ocasi\u00f3n (por ejemplo, una lista de productos adquiridos) y desaparecen al terminar la sesi\u00f3n<\/td><\/tr><tr><td class=\"tg-0lax\"><span style=\"font-weight:400;font-style:normal\">COOKIES <\/span>PERSISTENTES<\/td><td class=\"tg-0lax\">Son aquellas en las que los datos siguen almacenados en el terminal y pueden ser accedidos y tratados durante un periodo definido por el responsable de la cookie, y que puede ir de unos minutos a varios a\u00f1os<\/td><\/tr><tr><td class=\"tg-1wig\" rowspan=\"5\"><span style=\"font-weight:bold;font-style:normal\">SEG\u00daN <\/span><span style=\"font-weight:bold\">SU FINALIDAD<\/span><\/td><td class=\"tg-0lax\">COOKIES T\u00c9CNICAS<\/td><td class=\"tg-0lax\">Son aquellas que permiten al usuario la navegaci\u00f3n a trav\u00e9s de una p\u00e1gina web, plataforma o aplicaci\u00f3n y la utilizaci\u00f3n de las diferentes opciones o servicios que en ella existan<\/td><\/tr><tr><td class=\"tg-0lax\"><span style=\"font-weight:400;font-style:normal\">COOKIES <\/span>DE PERSONALIZACI\u00d3N<\/td><td class=\"tg-0lax\">Permiten aplicar caracter\u00edsticas propias para la navegaci\u00f3n del usuario por el website (Ej. idioma)<\/td><\/tr><tr><td class=\"tg-0lax\">COOKIES DE AN\u00c1LISIS<\/td><td class=\"tg-0lax\">Son aquellas que permiten al responsable de estas el seguimiento y an\u00e1lisis del comportamiento de los usuarios de los sitios web a los que est\u00e1n vinculadas, incluida la cuantificaci\u00f3n de los impactos de los anuncios. La informaci\u00f3n recogida mediante este tipo de cookies se utiliza en la medici\u00f3n de la actividad de los sitios web, aplicaci\u00f3n o plataforma, con el fin de introducir mejoras en funci\u00f3n del an\u00e1lisis de los datos de uso que hacen los usuarios del servicio.<\/td><\/tr><tr><td class=\"tg-0lax\">COOKIES PUBLICITARIAS<\/td><td class=\"tg-0lax\">Permiten al editor incluir en la p\u00e1gina web espacios publicitarios, seg\u00fan el contenido de la propia web.<\/td><\/tr><tr><td class=\"tg-0pky\">COOKIES DE PUBLICIDAD COMPORTAMENTAL<\/td><td class=\"tg-0pky\">Son aquellas que almacenan informaci\u00f3n del comportamiento de los usuarios obtenida a trav\u00e9s de la observaci\u00f3n continuada de sus h\u00e1bitos de navegaci\u00f3n, lo que permite desarrollar un perfil espec\u00edfico para mostrar publicidad en funci\u00f3n del mismo<\/td><\/tr><\/tbody><\/table>\n\n<p>Adicionalmente, EIMA CREACIO informa de forma m\u00e1s detallada de las cookies que utiliza sus titulares, su uso o finalidad concreta, los plazos de conservaci\u00f3n, as\u00ed como de las posibles Transferencias Internacionales de datos de cada una de ellas utilizadas en nuestra p\u00e1gina web:<br\/><\/p>\n\n<p><strong>COOKIES PROPIAS<br\/><\/strong><\/p>\n\n<pre class=\"wp-block-code\"><code>&#91;cmplz-document type=\"cookie-statement\" region=\"eu\"]<\/code><\/pre>\n\n<p>[cmplz-document type=\u00bbcookie-statement\u00bb region=\u00bbeu\u00bb]  Puede informarse de las transferencias internacionales a terceros pa\u00edses que, en su caso, realizan los TERCEROS, identificados en esta pol\u00edtica de cookies, en sus pol\u00edticas (hacer click encima del titular de la cookie).<\/p>\n\n<p>EIMA CREACIO informa de forma m\u00e1s exhaustiva la informaci\u00f3n relativa a las transferencias internacionales derivadas de la utilizaci\u00f3n de cookies propias.<\/p>\n\n<p>(tabla)<\/p>\n\n<p>Tengase en cuenta que, si acepta las cookies de terceros, deber\u00e1 eliminarlas desde las opciones del navegador o desde el sistema ofrecido por el propio tercero.<\/p>\n\n<p><canvas width=\"1792\" height=\"2527\"><\/canvas><\/p>\n\n<p>A continuaci\u00f3n, le proporcionamos los enlaces de varios navegadores, a trav\u00e9s de los cuales podr\u00e1 modificar la configuraci\u00f3n de su navegador sobre el uso de cookies:<\/p>\n\n<p>Firefox: <a href=\"https:\/\/support.mozilla.org\/es\/kb\/cookies-informacion-que-los-sitios-web-guardan-en-%20\">https:\/\/support.mozilla.org\/es\/kb\/cookies-informacion-que-los-sitios-web-guardan-en-<\/a> <\/p>\n\n<p>Chrome: <a href=\"http:\/\/support.google.com\/chrome\/bin\/answer.py?hl=es&amp;answer=95647\">http:\/\/support.google.com\/chrome\/bin\/answer.py?hl=es&amp;answer=95647<\/a><\/p>\n\n<p>Internet Explorer: <a href=\"http:\/\/windows.microsoft.com\/es-es\/internet-explorer\/delete-manage-cookies#ie=ie-10\">http:\/\/windows.microsoft.com\/es-es\/internet-explorer\/delete-manage-cookies#ie=ie-10<\/a><\/p>\n\n<p>Microsoft Edge: <a href=\"https:\/\/support.microsoft.com\/es-es\/microsoft-edge\/eliminar-las-cookies-en-microsoft-edge-63947406-40ac-c3b8-57b9-2a946a29ae09\">https:\/\/support.microsoft.com\/es-es\/microsoft-edge\/eliminar-las-cookies-en-microsoft-edge-63947406-40ac-c3b8-57b9-2a946a29ae09<\/a><\/p>\n\n<p>Safari: <a href=\"https:\/\/support.apple.com\/kb\/ph17191?locale=es_ES\">https:\/\/support.apple.com\/kb\/ph17191?locale=es_ES<\/a><\/p>\n\n<p>Opera: <a href=\"https:\/\/help.opera.com\/en\/latest\/web-preferences\/#cookies\">https:\/\/help.opera.com\/en\/latest\/web-preferences\/#cookies<\/a><\/p>\n\n<p>Para conocer m\u00e1s informaci\u00f3n sobre el tratamiento de datos personales, le recomendamos visitar nuestro apartado \u201cPol\u00edtica de Privacidad\u201d.<\/p>\n\n<p>\u00daltima actualizaci\u00f3n: 9 de abril de 2024.<\/p>\n\n<p><canvas width=\"1792\" height=\"2527\"><\/canvas><\/p>\n\n<p><\/p>\n\n<p><\/p>\n\n<p><\/p>\n","protected":false},"excerpt":{"rendered":"<p>Conforme a lo dispuesto en el art\u00edculo 22.2 de la Ley 34\/2002, de 11 de julio, de Servicios de la Sociedad de la Informaci\u00f3n y de Comercio Electr\u00f3nico (LSSI-CE) vigente, EIMA CREACIO debe cumplir con la obligaci\u00f3n de informar sobre las cookies que utiliza y sus finalidades. Este sitio web utiliza cookies y\/o tecnolog\u00edas similares [&hellip;]<\/p>\n","protected":false},"author":3,"featured_media":3225,"parent":0,"menu_order":0,"comment_status":"closed","ping_status":"closed","template":"","meta":{"_acf_changed":false,"_et_pb_use_builder":"off","_et_pb_old_content":"","_et_gb_content_width":"","footnotes":""},"class_list":["post-3416","page","type-page","status-publish","has-post-thumbnail","hentry"],"acf":[],"_links":{"self":[{"href":"https:\/\/eimacreacio.com\/es\/wp-json\/wp\/v2\/pages\/3416","targetHints":{"allow":["GET"]}}],"collection":[{"href":"https:\/\/eimacreacio.com\/es\/wp-json\/wp\/v2\/pages"}],"about":[{"href":"https:\/\/eimacreacio.com\/es\/wp-json\/wp\/v2\/types\/page"}],"author":[{"embeddable":true,"href":"https:\/\/eimacreacio.com\/es\/wp-json\/wp\/v2\/users\/3"}],"replies":[{"embeddable":true,"href":"https:\/\/eimacreacio.com\/es\/wp-json\/wp\/v2\/comments?post=3416"}],"version-history":[{"count":0,"href":"https:\/\/eimacreacio.com\/es\/wp-json\/wp\/v2\/pages\/3416\/revisions"}],"wp:featuredmedia":[{"embeddable":true,"href":"https:\/\/eimacreacio.com\/es\/wp-json\/wp\/v2\/media\/3225"}],"wp:attachment":[{"href":"https:\/\/eimacreacio.com\/es\/wp-json\/wp\/v2\/media?parent=3416"}],"curies":[{"name":"wp","href":"https:\/\/api.w.org\/{rel}","templated":true}]}}