{"id":3123,"date":"2024-05-24T13:12:42","date_gmt":"2024-05-24T11:12:42","guid":{"rendered":"https:\/\/eimacreacio.com\/festival\/"},"modified":"2025-07-21T11:48:24","modified_gmt":"2025-07-21T09:48:24","slug":"festival","status":"publish","type":"page","link":"https:\/\/eimacreacio.com\/es\/festival\/","title":{"rendered":"Festival"},"content":{"rendered":"<p>[et_pb_section fb_built=\u00bb1&#8243; admin_label=\u00bb*CABECERA*\u00bb _builder_version=\u00bb4.16&#8243; _module_preset=\u00bbdefault\u00bb custom_padding=\u00bb0px||1px|||\u00bb collapsed=\u00bbon\u00bb global_colors_info=\u00bb{}\u00bb][et_pb_row column_structure=\u00bb2_5,3_5&#8243; custom_padding_last_edited=\u00bbon|phone\u00bb _builder_version=\u00bb4.24.0&#8243; _module_preset=\u00bbdefault\u00bb width=\u00bb100%\u00bb max_width=\u00bb100%\u00bb module_alignment=\u00bbleft\u00bb custom_padding=\u00bb50px||0px||false|false\u00bb custom_padding_tablet=\u00bb40px||||false|false\u00bb custom_padding_phone=\u00bb20px||||false|false\u00bb global_colors_info=\u00bb{}\u00bb][et_pb_column type=\u00bb2_5&#8243; _builder_version=\u00bb4.16&#8243; _module_preset=\u00bbdefault\u00bb global_colors_info=\u00bb{}\u00bb][\/et_pb_column][et_pb_column type=\u00bb3_5&#8243; _builder_version=\u00bb4.16&#8243; _module_preset=\u00bbdefault\u00bb global_colors_info=\u00bb{}\u00bb][et_pb_text admin_label=\u00bbH1&#8243; _builder_version=\u00bb4.25.1&#8243; _module_preset=\u00bb_initial\u00bb header_font=\u00bbSora|300|||||||\u00bb header_text_align=\u00bbright\u00bb header_text_color=\u00bb#000000&#8243; header_font_size=\u00bb70px\u00bb header_line_height=\u00bb1.2em\u00bb text_orientation=\u00bbright\u00bb width=\u00bb80%\u00bb width_tablet=\u00bb90%\u00bb width_phone=\u00bb95%\u00bb width_last_edited=\u00bbon|phone\u00bb max_width=\u00bb80%\u00bb module_alignment=\u00bbcenter\u00bb custom_margin=\u00bb40px||40px||true|false\u00bb custom_margin_tablet=\u00bb40px||40px||true|false\u00bb custom_margin_phone=\u00bb||||false\u00bb custom_margin_last_edited=\u00bbon|phone\u00bb header_text_align_tablet=\u00bbright\u00bb header_text_align_phone=\u00bbcenter\u00bb header_text_align_last_edited=\u00bbon|phone\u00bb header_font_size_tablet=\u00bb60px\u00bb header_font_size_phone=\u00bb50px\u00bb header_font_size_last_edited=\u00bbon|phone\u00bb global_colors_info=\u00bb{}\u00bb]<\/p>\n<h1>Festival<\/h1>\n<p>[\/et_pb_text][\/et_pb_column][\/et_pb_row][\/et_pb_section][et_pb_section fb_built=\u00bb1&#8243; admin_label=\u00bb*FESTIVAL*\u00bb _builder_version=\u00bb4.25.1&#8243; _module_preset=\u00bbdefault\u00bb background_image=\u00bbhttps:\/\/eimacreacio.com\/wp-content\/uploads\/2024\/05\/Festival_fondo01.png\u00bb background_position=\u00bbbottom_center\u00bb custom_padding=\u00bb75px||75px||true|false\u00bb background_last_edited=\u00bbon|phone\u00bb background_position_phone=\u00bbbottom_left\u00bb collapsed=\u00bbon\u00bb global_colors_info=\u00bb{}\u00bb][et_pb_row column_structure=\u00bb1_3,1_3,1_3&#8243; _builder_version=\u00bb4.25.1&#8243; _module_preset=\u00bbdefault\u00bb scroll_blur_enable=\u00bbon\u00bb scroll_blur=\u00bb0|40|60|100|90px|0px|0px\u00bb global_colors_info=\u00bb{}\u00bb][et_pb_column type=\u00bb1_3&#8243; _builder_version=\u00bb4.16&#8243; _module_preset=\u00bbdefault\u00bb background_enable_color=\u00bboff\u00bb background_enable_image=\u00bboff\u00bb background_size=\u00bbinitial\u00bb background_repeat=\u00bbrepeat\u00bb global_colors_info=\u00bb{}\u00bb][\/et_pb_column][et_pb_column type=\u00bb1_3&#8243; _builder_version=\u00bb4.16&#8243; _module_preset=\u00bbdefault\u00bb background_enable_color=\u00bboff\u00bb global_colors_info=\u00bb{}\u00bb][et_pb_image src=\u00bbhttps:\/\/eimacreacio.com\/wp-content\/uploads\/2024\/01\/Recurso-4_senaletica_90x60_imprimir.png\u00bb title_text=\u00bbRecurso 4_se\u00f1aletica_90x60_imprimir\u00bb align=\u00bbcenter\u00bb _builder_version=\u00bb4.25.1&#8243; _module_preset=\u00bbdefault\u00bb max_width_tablet=\u00bb45%\u00bb max_width_phone=\u00bb55%\u00bb max_width_last_edited=\u00bbon|phone\u00bb global_colors_info=\u00bb{}\u00bb][\/et_pb_image][\/et_pb_column][et_pb_column type=\u00bb1_3&#8243; _builder_version=\u00bb4.16&#8243; _module_preset=\u00bbdefault\u00bb background_enable_color=\u00bboff\u00bb global_colors_info=\u00bb{}\u00bb][\/et_pb_column][\/et_pb_row][\/et_pb_section][et_pb_section fb_built=\u00bb1&#8243; admin_label=\u00bb*EDICIONS*\u00bb _builder_version=\u00bb4.25.1&#8243; _module_preset=\u00bbdefault\u00bb background_color=\u00bb#FFFFFF\u00bb background_enable_image=\u00bboff\u00bb background_size=\u00bbinitial\u00bb background_repeat=\u00bbrepeat\u00bb custom_padding=\u00bb0px||0px|||\u00bb border_width_top=\u00bb1px\u00bb border_color_top=\u00bb#06834B\u00bb collapsed=\u00bboff\u00bb global_colors_info=\u00bb{}\u00bb][et_pb_row column_structure=\u00bb3_5,2_5&#8243; use_custom_gutter=\u00bbon\u00bb gutter_width=\u00bb1&#8243; make_equal=\u00bbon\u00bb _builder_version=\u00bb4.25.1&#8243; _module_preset=\u00bbdefault\u00bb background_enable_color=\u00bboff\u00bb background_enable_image=\u00bboff\u00bb background_size=\u00bbinitial\u00bb background_repeat=\u00bbrepeat\u00bb width=\u00bb100%\u00bb max_width=\u00bb100%\u00bb module_alignment=\u00bbcenter\u00bb custom_padding=\u00bb0px||0px|||\u00bb global_colors_info=\u00bb{}\u00bb][et_pb_column type=\u00bb3_5&#8243; _builder_version=\u00bb4.25.1&#8243; _module_preset=\u00bbdefault\u00bb background_color=\u00bb#FFDD00&#8243; background_enable_image=\u00bboff\u00bb background_position=\u00bbbottom_left\u00bb custom_padding=\u00bb50px|30px|50px|10px|true|false\u00bb custom_padding_tablet=\u00bb\u00bb custom_padding_phone=\u00bb50px|10px|50px|10px|false|false\u00bb custom_padding_last_edited=\u00bbon|phone\u00bb sticky_limit_bottom=\u00bbsection\u00bb background_last_edited=\u00bbon|phone\u00bb background_image_width_tablet=\u00bb57%\u00bb background_image_width_phone=\u00bb75%\u00bb sticky_position_tablet=\u00bb\u00bb sticky_position_phone=\u00bbnone\u00bb sticky_position_last_edited=\u00bbon|desktop\u00bb border_width_all=\u00bb0.5px\u00bb border_color_all=\u00bb#06834B\u00bb global_colors_info=\u00bb{}\u00bb][et_pb_text admin_label=\u00bbH3-El festival\u00bb _builder_version=\u00bb4.25.1&#8243; _module_preset=\u00bb_initial\u00bb text_font=\u00bb|300|||||||\u00bb text_text_color=\u00bb#1D1D1B\u00bb text_font_size=\u00bb20px\u00bb text_line_height=\u00bb1.5em\u00bb link_font=\u00bb||||on|||#EA5472|\u00bb link_text_color=\u00bb#1D1D1B\u00bb header_font=\u00bb|300|||||||\u00bb header_font_size=\u00bb50px\u00bb header_2_font=\u00bb|300|||||||\u00bb header_2_text_color=\u00bb#1D1D1B\u00bb header_2_font_size=\u00bb40px\u00bb header_2_line_height=\u00bb1.2em\u00bb header_3_font=\u00bb|300|||||||\u00bb header_3_text_color=\u00bb#000000&#8243; header_3_font_size=\u00bb30px\u00bb header_4_font=\u00bb|700|||||||\u00bb header_5_font=\u00bb|700|||||||\u00bb header_5_text_color=\u00bb#1D1D1B\u00bb header_6_font=\u00bb||||||||\u00bb header_6_font_size=\u00bb13px\u00bb position_origin_f=\u00bbbottom_left\u00bb background_layout=\u00bbdark\u00bb width=\u00bb80%\u00bb width_tablet=\u00bb90%\u00bb width_phone=\u00bb95%\u00bb width_last_edited=\u00bbon|phone\u00bb module_alignment=\u00bbcenter\u00bb custom_margin=\u00bb|||47px||\u00bb custom_margin_tablet=\u00bb|||47px||\u00bb custom_margin_phone=\u00bb||||false\u00bb custom_margin_last_edited=\u00bbon|phone\u00bb text_font_size_tablet=\u00bb18px\u00bb text_font_size_phone=\u00bb16px\u00bb text_font_size_last_edited=\u00bbon|phone\u00bb header_font_size_tablet=\u00bb45px\u00bb header_font_size_phone=\u00bb40px\u00bb header_font_size_last_edited=\u00bbon|phone\u00bb header_2_font_size_tablet=\u00bb35px\u00bb header_2_font_size_phone=\u00bb30px\u00bb header_2_font_size_last_edited=\u00bbon|phone\u00bb header_3_font_size_tablet=\u00bb30px\u00bb header_3_font_size_phone=\u00bb25px\u00bb header_3_font_size_last_edited=\u00bbon|phone\u00bb header_4_font_size_tablet=\u00bb17px\u00bb header_4_font_size_phone=\u00bb17px\u00bb header_4_font_size_last_edited=\u00bbon|phone\u00bb header_5_font_size_tablet=\u00bb\u00bb header_5_font_size_phone=\u00bb\u00bb header_5_font_size_last_edited=\u00bbon|phone\u00bb locked=\u00bboff\u00bb global_colors_info=\u00bb{}\u00bb header_text_color__hover=\u00bb#00783B\u00bb header_text_color__hover_enabled=\u00bbon|hover\u00bb header_2_text_color__hover=\u00bb#EA5472&#8243; header_2_text_color__hover_enabled=\u00bbon|desktop\u00bb header_3_text_color__hover=\u00bb#000000&#8243; header_3_text_color__hover_enabled=\u00bbon|hover\u00bb header_4_text_color__hover=\u00bb#B9B3AE\u00bb header_4_text_color__hover_enabled=\u00bbon|hover\u00bb header_5_text_color__hover=\u00bb#D1BF00&#8243; header_5_text_color__hover_enabled=\u00bbon|hover\u00bb header_6_text_color__hover=\u00bb#D1BF00&#8243; header_6_text_color__hover_enabled=\u00bbon|hover\u00bb]<\/p>\n<h3>El festival<\/h3>\n<p>[\/et_pb_text][et_pb_text admin_label=\u00bbText-El festival\u00bb _builder_version=\u00bb4.25.1&#8243; _module_preset=\u00bb_initial\u00bb text_font=\u00bb|300|||||||\u00bb text_text_color=\u00bb#1D1D1B\u00bb text_font_size=\u00bb20px\u00bb text_line_height=\u00bb1.5em\u00bb link_font=\u00bb||||on|||#EA5472|\u00bb link_text_color=\u00bb#1D1D1B\u00bb header_font=\u00bb|300|||||||\u00bb header_font_size=\u00bb50px\u00bb header_2_font=\u00bb|300|||||||\u00bb header_2_text_color=\u00bb#1D1D1B\u00bb header_2_font_size=\u00bb60px\u00bb header_2_line_height=\u00bb1.2em\u00bb header_3_font=\u00bb|600|||||||\u00bb header_3_font_size=\u00bb24px\u00bb header_4_font=\u00bb|700|||||||\u00bb header_5_font=\u00bb|700|||||||\u00bb header_5_text_color=\u00bb#1D1D1B\u00bb header_6_font=\u00bb||||||||\u00bb header_6_font_size=\u00bb13px\u00bb position_origin_f=\u00bbbottom_left\u00bb background_layout=\u00bbdark\u00bb width=\u00bb80%\u00bb width_tablet=\u00bb90%\u00bb width_phone=\u00bb95%\u00bb width_last_edited=\u00bbon|phone\u00bb module_alignment=\u00bbcenter\u00bb custom_margin=\u00bb40px||40px||true|false\u00bb custom_margin_tablet=\u00bb40px||40px||true|false\u00bb custom_margin_phone=\u00bb||||false\u00bb custom_margin_last_edited=\u00bbon|phone\u00bb text_font_size_tablet=\u00bb18px\u00bb text_font_size_phone=\u00bb16px\u00bb text_font_size_last_edited=\u00bbon|phone\u00bb header_font_size_tablet=\u00bb45px\u00bb header_font_size_phone=\u00bb40px\u00bb header_font_size_last_edited=\u00bbon|phone\u00bb header_2_font_size_tablet=\u00bb40px\u00bb header_2_font_size_phone=\u00bb30px\u00bb header_2_font_size_last_edited=\u00bbon|phone\u00bb header_3_font_size_tablet=\u00bb22px\u00bb header_3_font_size_phone=\u00bb20px\u00bb header_3_font_size_last_edited=\u00bbon|phone\u00bb header_4_font_size_tablet=\u00bb17px\u00bb header_4_font_size_phone=\u00bb17px\u00bb header_4_font_size_last_edited=\u00bbon|phone\u00bb header_5_font_size_tablet=\u00bb\u00bb header_5_font_size_phone=\u00bb\u00bb header_5_font_size_last_edited=\u00bbon|phone\u00bb global_colors_info=\u00bb{}\u00bb header_text_color__hover=\u00bb#00783B\u00bb header_text_color__hover_enabled=\u00bbon|hover\u00bb header_2_text_color__hover=\u00bb#EA5472&#8243; header_2_text_color__hover_enabled=\u00bbon|desktop\u00bb header_3_text_color__hover=\u00bb#D1BF00&#8243; header_3_text_color__hover_enabled=\u00bbon|hover\u00bb header_4_text_color__hover=\u00bb#B9B3AE\u00bb header_4_text_color__hover_enabled=\u00bbon|hover\u00bb header_5_text_color__hover=\u00bb#D1BF00&#8243; header_5_text_color__hover_enabled=\u00bbon|hover\u00bb header_6_text_color__hover=\u00bb#D1BF00&#8243; header_6_text_color__hover_enabled=\u00bbon|hover\u00bb]<\/p>\n<p><span style=\"font-weight: 400;\"><b>\u2015<\/b> En EiMa Creaci\u00f3, centro en Maria de la Salut, llevamos ya diez a\u00f1os haciendo crecer el Festival de artes esc\u00e9nicas del pueblo, unificando cultura y ruralidad. EiMa no es cualquier festival, es una propuesta innovadora y arriesgada que genera un espacio de transformaci\u00f3n. Un cambio de mirada que producimos colectivamente, junto con la comunidad de Maria, a trav\u00e9s de la investigaci\u00f3n, la experimentaci\u00f3n y la escucha.<br \/>Son d\u00edas en los que artistas y p\u00fablico se encuentran para romper con lo probable y generar un espacio com\u00fan de debate cr\u00edtico, art\u00edstico, de experimentaci\u00f3n y de celebraci\u00f3n.<\/span><\/p>\n<p>La programaci\u00f3n del festival \u2015provocadora, fresca y actual\u2015 acerca nuevos lenguajes y formas de movimiento a un p\u00fablico diferente, que sabe que lo que ver\u00e1 y vivir\u00e1 no es algo previsible. En un escenario no convencional dentro del mundo de las artes esc\u00e9nicas conseguimos una forma diferente de vivirlas. <\/p>\n<p>[\/et_pb_text][et_pb_divider show_divider=\u00bboff\u00bb _builder_version=\u00bb4.16&#8243; _module_preset=\u00bbdefault\u00bb global_colors_info=\u00bb{}\u00bb][\/et_pb_divider][\/et_pb_column][et_pb_column type=\u00bb2_5&#8243; _builder_version=\u00bb4.25.1&#8243; _module_preset=\u00bbdefault\u00bb background_enable_color=\u00bboff\u00bb background_image=\u00bbhttps:\/\/eimacreacio.com\/wp-content\/uploads\/2024\/01\/Trama_cuadricula-amarillo.png\u00bb background_size=\u00bbcustom\u00bb background_image_width=\u00bb5%\u00bb background_repeat=\u00bbrepeat\u00bb custom_padding=\u00bb50px|30px|50px|10px|true|false\u00bb custom_padding_tablet=\u00bb50px|30px|50px|10px|true|false\u00bb custom_padding_phone=\u00bb50px|10px|50px|10px|false|false\u00bb custom_padding_last_edited=\u00bbon|phone\u00bb sticky_limit_bottom=\u00bbsection\u00bb sticky_position_tablet=\u00bbtop\u00bb sticky_position_phone=\u00bbnone\u00bb sticky_position_last_edited=\u00bbon|desktop\u00bb border_width_all=\u00bb0.5px\u00bb border_color_all=\u00bb#06834B\u00bb global_colors_info=\u00bb{}\u00bb][et_pb_text admin_label=\u00bbH2-Edici\u00f3 2024&#8243; _builder_version=\u00bb4.27.4&#8243; _module_preset=\u00bb_initial\u00bb text_font=\u00bb|300|||||||\u00bb text_text_color=\u00bb#1D1D1B\u00bb text_font_size=\u00bb20px\u00bb text_line_height=\u00bb1.5em\u00bb link_font=\u00bb||||on|||#EA5472|\u00bb link_text_color=\u00bb#1D1D1B\u00bb header_font=\u00bb|300|||||||\u00bb header_font_size=\u00bb50px\u00bb header_2_font=\u00bb|300|||||||\u00bb header_2_text_color=\u00bb#1D1D1B\u00bb header_2_font_size=\u00bb40px\u00bb header_2_line_height=\u00bb1.2em\u00bb header_3_font=\u00bb|300|||||||\u00bb header_3_text_color=\u00bb#000000&#8243; header_3_font_size=\u00bb30px\u00bb header_4_font=\u00bb|700|||||||\u00bb header_5_font=\u00bb|700|||||||\u00bb header_5_text_color=\u00bb#1D1D1B\u00bb header_6_font=\u00bb||||||||\u00bb header_6_font_size=\u00bb13px\u00bb position_origin_f=\u00bbbottom_left\u00bb background_layout=\u00bbdark\u00bb width=\u00bb80%\u00bb width_tablet=\u00bb90%\u00bb width_phone=\u00bb95%\u00bb width_last_edited=\u00bbon|phone\u00bb module_alignment=\u00bbcenter\u00bb custom_margin=\u00bb|||47px||\u00bb custom_margin_tablet=\u00bb|||47px||\u00bb custom_margin_phone=\u00bb||||false\u00bb custom_margin_last_edited=\u00bbon|phone\u00bb link_option_url=\u00bbhttps:\/\/festival2024.eimacreacio.com\/\u00bb link_option_url_new_window=\u00bbon\u00bb text_font_size_tablet=\u00bb18px\u00bb text_font_size_phone=\u00bb16px\u00bb text_font_size_last_edited=\u00bbon|phone\u00bb header_font_size_tablet=\u00bb45px\u00bb header_font_size_phone=\u00bb40px\u00bb header_font_size_last_edited=\u00bbon|phone\u00bb header_2_font_size_tablet=\u00bb35px\u00bb header_2_font_size_phone=\u00bb30px\u00bb header_2_font_size_last_edited=\u00bbon|phone\u00bb header_3_font_size_tablet=\u00bb30px\u00bb header_3_font_size_phone=\u00bb25px\u00bb header_3_font_size_last_edited=\u00bbon|phone\u00bb header_4_font_size_tablet=\u00bb17px\u00bb header_4_font_size_phone=\u00bb17px\u00bb header_4_font_size_last_edited=\u00bbon|phone\u00bb header_5_font_size_tablet=\u00bb\u00bb header_5_font_size_phone=\u00bb\u00bb header_5_font_size_last_edited=\u00bbon|phone\u00bb locked=\u00bboff\u00bb global_colors_info=\u00bb{}\u00bb header_text_color__hover=\u00bb#00783B\u00bb header_text_color__hover_enabled=\u00bbon|hover\u00bb header_2_text_color__hover=\u00bb#EA5472&#8243; header_2_text_color__hover_enabled=\u00bbon|desktop\u00bb header_3_text_color__hover=\u00bb#000000&#8243; header_3_text_color__hover_enabled=\u00bbon|hover\u00bb header_4_text_color__hover=\u00bb#B9B3AE\u00bb header_4_text_color__hover_enabled=\u00bbon|hover\u00bb header_5_text_color__hover=\u00bb#D1BF00&#8243; header_5_text_color__hover_enabled=\u00bbon|hover\u00bb header_6_text_color__hover=\u00bb#D1BF00&#8243; header_6_text_color__hover_enabled=\u00bbon|hover\u00bb]<\/p>\n<h3>Edici\u00f3n 2025<\/h3>\n<p>[\/et_pb_text][et_pb_cta title=\u00bbVer programaci\u00f3n completa  \u00bb button_url=\u00bbhttps:\/\/festival2025.eimacreacio.com\/\u00bb url_new_window=\u00bbon\u00bb _builder_version=\u00bb4.27.4&#8243; _module_preset=\u00bbdefault\u00bb header_level=\u00bbh3&#8243; header_text_color=\u00bb#000000&#8243; body_line_height=\u00bb1.6em\u00bb background_enable_color=\u00bboff\u00bb use_background_color_gradient=\u00bbon\u00bb background_color_gradient_type=\u00bbcircular\u00bb background_color_gradient_direction_radial=\u00bbbottom left\u00bb background_color_gradient_stops=\u00bb#ffdd00 0%|rgba(255,255,255,0) 100%\u00bb background_color_gradient_overlays_image=\u00bbon\u00bb background_image=\u00bbhttps:\/\/eimacreacio.com\/wp-content\/uploads\/2025\/07\/Prendre-la-Fresca.jpeg\u00bb custom_button=\u00bbon\u00bb button_text_size=\u00bb16px\u00bb button_text_color=\u00bb#FAF5E9&#8243; button_bg_color=\u00bb#06834B\u00bb button_bg_enable_image=\u00bboff\u00bb button_bg_size=\u00bbcontain\u00bb button_bg_position=\u00bbcenter_right\u00bb button_border_width=\u00bb1px\u00bb button_border_color=\u00bb#06834B\u00bb button_border_radius=\u00bb66px\u00bb button_letter_spacing=\u00bb1px\u00bb button_font=\u00bb|800|||||||\u00bb button_icon=\u00bb&#x24;||divi||400&#8243; button_icon_color=\u00bb#1D1D1B\u00bb button_on_hover=\u00bboff\u00bb background_layout=\u00bblight\u00bb width=\u00bb72%\u00bb width_tablet=\u00bb48%\u00bb width_phone=\u00bb95%\u00bb width_last_edited=\u00bbon|desktop\u00bb max_width=\u00bb100%\u00bb module_alignment=\u00bbcenter\u00bb custom_margin=\u00bb30px|20px|30px|20px|false|true\u00bb custom_padding=\u00bb415px||||false|false\u00bb custom_padding_tablet=\u00bb415px||||false|false\u00bb custom_padding_phone=\u00bb415px||||false|false\u00bb custom_padding_last_edited=\u00bbon|desktop\u00bb link_option_url=\u00bbhttps:\/\/festival2025.eimacreacio.com\/\u00bb link_option_url_new_window=\u00bbon\u00bb hover_enabled=\u00bb0&#8243; button_text_size_tablet=\u00bb14px\u00bb button_text_size_phone=\u00bb14px\u00bb button_text_size_last_edited=\u00bbon|phone\u00bb global_colors_info=\u00bb{}\u00bb button_text_color__hover=\u00bb#06834B\u00bb button_text_color__hover_enabled=\u00bbon|hover\u00bb button_bg_color__hover=\u00bbRGBA(0,0,0,0)\u00bb button_bg_color__hover_enabled=\u00bbon|hover\u00bb custom_padding__hover_enabled=\u00bbon|desktop\u00bb custom_padding__sticky_enabled=\u00bbon|desktop\u00bb custom_padding__hover=\u00bb415px||||false|false\u00bb sticky_enabled=\u00bb0&#8243;][\/et_pb_cta][et_pb_button button_url=\u00bbhttps:\/\/joomla.eimacreacio.com\/es\/festival-es\u00bb url_new_window=\u00bbon\u00bb button_text=\u00bbEdiciones anteriores\u00bb button_alignment=\u00bbcenter\u00bb admin_label=\u00bbBot\u00f3-Edicions anteriors\u00bb _builder_version=\u00bb4.25.2&#8243; _module_preset=\u00bb_initial\u00bb custom_button=\u00bbon\u00bb button_text_size=\u00bb16px\u00bb button_text_color=\u00bb#1D1D1B\u00bb button_bg_color=\u00bbrgba(0,0,0,0)\u00bb button_bg_enable_image=\u00bboff\u00bb button_bg_size=\u00bbcontain\u00bb button_bg_position=\u00bbcenter_right\u00bb button_border_width=\u00bb1px\u00bb button_border_color=\u00bb#000000&#8243; button_border_radius=\u00bb66px\u00bb button_letter_spacing=\u00bb1px\u00bb button_font=\u00bb|800|||||||\u00bb button_icon=\u00bb&#x24;||divi||400&#8243; button_icon_color=\u00bb#1D1D1B\u00bb button_on_hover=\u00bboff\u00bb custom_margin=\u00bb21px||21px||true|false\u00bb custom_padding=\u00bb10px|40px|10px|20px|true|false\u00bb button_text_size_tablet=\u00bb14px\u00bb button_text_size_phone=\u00bb\u00bb button_text_size_last_edited=\u00bbon|phone\u00bb locked=\u00bboff\u00bb global_colors_info=\u00bb{}\u00bb button_text_color__hover=\u00bb#06834B\u00bb button_text_color__hover_enabled=\u00bbon|hover\u00bb button_bg_color__hover=\u00bbRGBA(0,0,0,0)\u00bb button_bg_color__hover_enabled=\u00bbon|hover\u00bb][\/et_pb_button][\/et_pb_column][\/et_pb_row][\/et_pb_section]<\/p>\n","protected":false},"excerpt":{"rendered":"<p>En EiMa Creaci\u00f3, centro en Maria de la Salut, llevamos ya ocho a\u00f1os haciendo crecer el Festival de artes esc\u00e9nicas del pueblo, unificando cultura y ruralidad.<\/p>\n","protected":false},"author":3,"featured_media":1912,"parent":0,"menu_order":0,"comment_status":"closed","ping_status":"closed","template":"","meta":{"_acf_changed":false,"_et_pb_use_builder":"on","_et_pb_old_content":"","_et_gb_content_width":"","footnotes":""},"class_list":["post-3123","page","type-page","status-publish","has-post-thumbnail","hentry"],"acf":[],"_links":{"self":[{"href":"https:\/\/eimacreacio.com\/es\/wp-json\/wp\/v2\/pages\/3123","targetHints":{"allow":["GET"]}}],"collection":[{"href":"https:\/\/eimacreacio.com\/es\/wp-json\/wp\/v2\/pages"}],"about":[{"href":"https:\/\/eimacreacio.com\/es\/wp-json\/wp\/v2\/types\/page"}],"author":[{"embeddable":true,"href":"https:\/\/eimacreacio.com\/es\/wp-json\/wp\/v2\/users\/3"}],"replies":[{"embeddable":true,"href":"https:\/\/eimacreacio.com\/es\/wp-json\/wp\/v2\/comments?post=3123"}],"version-history":[{"count":3,"href":"https:\/\/eimacreacio.com\/es\/wp-json\/wp\/v2\/pages\/3123\/revisions"}],"predecessor-version":[{"id":4457,"href":"https:\/\/eimacreacio.com\/es\/wp-json\/wp\/v2\/pages\/3123\/revisions\/4457"}],"wp:featuredmedia":[{"embeddable":true,"href":"https:\/\/eimacreacio.com\/es\/wp-json\/wp\/v2\/media\/1912"}],"wp:attachment":[{"href":"https:\/\/eimacreacio.com\/es\/wp-json\/wp\/v2\/media?parent=3123"}],"curies":[{"name":"wp","href":"https:\/\/api.w.org\/{rel}","templated":true}]}}