{"id":1519,"date":"2024-02-08T19:58:15","date_gmt":"2024-02-08T18:58:15","guid":{"rendered":"https:\/\/eimacreacio.com\/centro-de-creacion\/el-centre\/"},"modified":"2024-07-26T11:20:47","modified_gmt":"2024-07-26T09:20:47","slug":"el-centro","status":"publish","type":"page","link":"https:\/\/eimacreacio.com\/es\/el-centro\/","title":{"rendered":"El centro"},"content":{"rendered":"<p>[et_pb_section fb_built=\u00bb1&#8243; admin_label=\u00bb*CABECERA*\u00bb _builder_version=\u00bb4.16&#8243; _module_preset=\u00bbdefault\u00bb custom_padding=\u00bb0px||1px|||\u00bb global_colors_info=\u00bb{}\u00bb][et_pb_row column_structure=\u00bb2_5,3_5&#8243; custom_padding_last_edited=\u00bbon|phone\u00bb _builder_version=\u00bb4.24.0&#8243; _module_preset=\u00bbdefault\u00bb width=\u00bb100%\u00bb max_width=\u00bb100%\u00bb module_alignment=\u00bbleft\u00bb custom_padding=\u00bb50px||0px||false|false\u00bb custom_padding_tablet=\u00bb40px||||false|false\u00bb custom_padding_phone=\u00bb20px||||false|false\u00bb global_colors_info=\u00bb{}\u00bb][et_pb_column type=\u00bb2_5&#8243; _builder_version=\u00bb4.16&#8243; _module_preset=\u00bbdefault\u00bb global_colors_info=\u00bb{}\u00bb][\/et_pb_column][et_pb_column type=\u00bb3_5&#8243; _builder_version=\u00bb4.16&#8243; _module_preset=\u00bbdefault\u00bb global_colors_info=\u00bb{}\u00bb][et_pb_text admin_label=\u00bbH1&#8243; _builder_version=\u00bb4.25.1&#8243; _module_preset=\u00bb_initial\u00bb header_font=\u00bbSora|300|||||||\u00bb header_text_align=\u00bbright\u00bb header_text_color=\u00bb#000000&#8243; header_font_size=\u00bb70px\u00bb header_line_height=\u00bb1.2em\u00bb text_orientation=\u00bbright\u00bb width=\u00bb80%\u00bb width_tablet=\u00bb90%\u00bb width_phone=\u00bb95%\u00bb width_last_edited=\u00bbon|phone\u00bb max_width=\u00bb80%\u00bb module_alignment=\u00bbcenter\u00bb custom_margin=\u00bb40px||40px||true|false\u00bb custom_margin_tablet=\u00bb40px||40px||true|false\u00bb custom_margin_phone=\u00bb||||false\u00bb custom_margin_last_edited=\u00bbon|phone\u00bb header_text_align_tablet=\u00bbright\u00bb header_text_align_phone=\u00bbcenter\u00bb header_text_align_last_edited=\u00bbon|phone\u00bb header_font_size_tablet=\u00bb60px\u00bb header_font_size_phone=\u00bb50px\u00bb header_font_size_last_edited=\u00bbon|phone\u00bb global_colors_info=\u00bb{}\u00bb]<\/p>\n<h1>El centro<\/h1>\n<p>[\/et_pb_text][\/et_pb_column][\/et_pb_row][\/et_pb_section][et_pb_section fb_built=\u00bb1&#8243; _builder_version=\u00bb4.24.1&#8243; _module_preset=\u00bbdefault\u00bb background_image=\u00bbhttps:\/\/eimacreacio.com\/wp-content\/uploads\/2024\/01\/piernas.png\u00bb background_size=\u00bbcontain\u00bb background_position=\u00bbcenter_left\u00bb custom_margin=\u00bb0px||0px||false|false\u00bb custom_padding=\u00bb0px||0px||false|false\u00bb border_color_all=\u00bb#000000&#8243; border_width_top=\u00bb1px\u00bb border_color_top=\u00bb#06834B\u00bb global_colors_info=\u00bb{}\u00bb][et_pb_row column_structure=\u00bb2_5,3_5&#8243; use_custom_gutter=\u00bbon\u00bb gutter_width=\u00bb1&#8243; make_equal=\u00bbon\u00bb _builder_version=\u00bb4.24.0&#8243; _module_preset=\u00bbdefault\u00bb width=\u00bb100%\u00bb max_width=\u00bb100%\u00bb custom_margin=\u00bb0px|0px|0px|0px|false|false\u00bb custom_padding=\u00bb0px|0px|0px|0px|false|false\u00bb global_colors_info=\u00bb{}\u00bb][et_pb_column type=\u00bb2_5&#8243; _builder_version=\u00bb4.24.0&#8243; _module_preset=\u00bbdefault\u00bb border_color_all=\u00bb#000000&#8243; global_colors_info=\u00bb{}\u00bb][et_pb_image src=\u00bbhttps:\/\/eimacreacio.com\/wp-content\/uploads\/2024\/02\/El-centre-01.png\u00bb title_text=\u00bbEl-centro-01&#8243; _builder_version=\u00bb4.24.1&#8243; _module_preset=\u00bbdefault\u00bb global_colors_info=\u00bb{}\u00bb][\/et_pb_image][\/et_pb_column][et_pb_column type=\u00bb3_5&#8243; _builder_version=\u00bb4.24.0&#8243; _module_preset=\u00bbdefault\u00bb border_color_all=\u00bb#000000&#8243; global_colors_info=\u00bb{}\u00bb][\/et_pb_column][\/et_pb_row][et_pb_row column_structure=\u00bb2_5,3_5&#8243; use_custom_gutter=\u00bbon\u00bb gutter_width=\u00bb1&#8243; make_equal=\u00bbon\u00bb _builder_version=\u00bb4.24.1&#8243; _module_preset=\u00bbdefault\u00bb width=\u00bb100%\u00bb max_width=\u00bb100%\u00bb custom_margin=\u00bb0px|0px|0px|0px|false|false\u00bb custom_padding=\u00bb0px|0px|0px|0px|false|false\u00bb global_colors_info=\u00bb{}\u00bb][et_pb_column type=\u00bb2_5&#8243; _builder_version=\u00bb4.24.0&#8243; _module_preset=\u00bbdefault\u00bb border_color_all=\u00bb#000000&#8243; global_colors_info=\u00bb{}\u00bb][\/et_pb_column][et_pb_column type=\u00bb3_5&#8243; _builder_version=\u00bb4.24.0&#8243; _module_preset=\u00bbdefault\u00bb border_color_all=\u00bb#000000&#8243; global_colors_info=\u00bb{}\u00bb][et_pb_text admin_label=\u00bbText-intro\u00bb _builder_version=\u00bb4.24.1&#8243; _module_preset=\u00bb_initial\u00bb text_font=\u00bb|300|||||||\u00bb text_text_color=\u00bb#000000&#8243; text_font_size=\u00bb24px\u00bb text_line_height=\u00bb1.5em\u00bb link_font=\u00bb||||on|||#EA5472|\u00bb link_text_color=\u00bb#1D1D1B\u00bb header_font=\u00bb|300|||||||\u00bb header_font_size=\u00bb50px\u00bb header_2_font=\u00bb|300|||||||\u00bb header_2_text_color=\u00bb#1D1D1B\u00bb header_2_font_size=\u00bb30px\u00bb header_2_line_height=\u00bb1.4em\u00bb header_3_font=\u00bb|600|||||||\u00bb header_3_text_color=\u00bb#1D1D1B\u00bb header_3_font_size=\u00bb24px\u00bb header_3_line_height=\u00bb1.4em\u00bb header_4_font=\u00bb|700|||||||\u00bb header_5_font=\u00bb|700|||||||\u00bb header_5_text_color=\u00bb#1D1D1B\u00bb header_6_font=\u00bb||||||||\u00bb header_6_font_size=\u00bb13px\u00bb position_origin_f=\u00bbbottom_left\u00bb background_layout=\u00bbdark\u00bb width=\u00bb80%\u00bb width_tablet=\u00bb90%\u00bb width_phone=\u00bb95%\u00bb width_last_edited=\u00bbon|phone\u00bb max_width=\u00bb80%\u00bb module_alignment=\u00bbcenter\u00bb custom_margin=\u00bb100px||40px||false|false\u00bb custom_margin_tablet=\u00bb40px||40px||true|false\u00bb custom_margin_phone=\u00bb80px||||false|false\u00bb custom_margin_last_edited=\u00bbon|phone\u00bb text_font_size_tablet=\u00bb22px\u00bb text_font_size_phone=\u00bb19px\u00bb text_font_size_last_edited=\u00bbon|phone\u00bb header_font_size_tablet=\u00bb45px\u00bb header_font_size_phone=\u00bb40px\u00bb header_font_size_last_edited=\u00bbon|phone\u00bb header_2_font_size_tablet=\u00bb\u00bb header_2_font_size_phone=\u00bb28px\u00bb header_2_font_size_last_edited=\u00bbon|desktop\u00bb header_3_font_size_tablet=\u00bb22px\u00bb header_3_font_size_phone=\u00bb20px\u00bb header_3_font_size_last_edited=\u00bbon|phone\u00bb header_4_font_size_tablet=\u00bb17px\u00bb header_4_font_size_phone=\u00bb17px\u00bb header_4_font_size_last_edited=\u00bbon|phone\u00bb header_5_font_size_tablet=\u00bb\u00bb header_5_font_size_phone=\u00bb\u00bb header_5_font_size_last_edited=\u00bbon|phone\u00bb locked=\u00bboff\u00bb global_colors_info=\u00bb{}\u00bb header_text_color__hover=\u00bb#00783B\u00bb header_text_color__hover_enabled=\u00bbon|hover\u00bb header_2_text_color__hover=\u00bb#EA5472&#8243; header_2_text_color__hover_enabled=\u00bbon|desktop\u00bb header_3_text_color__hover=\u00bb#00783B\u00bb header_3_text_color__hover_enabled=\u00bbon|hover\u00bb header_4_text_color__hover=\u00bb#B9B3AE\u00bb header_4_text_color__hover_enabled=\u00bbon|hover\u00bb header_5_text_color__hover=\u00bb#D1BF00&#8243; header_5_text_color__hover_enabled=\u00bbon|hover\u00bb header_6_text_color__hover=\u00bb#D1BF00&#8243; header_6_text_color__hover_enabled=\u00bbon|hover\u00bb]<\/p>\n<p>EiMa es un centro de creaci\u00f3n e investigaci\u00f3n para la danza y las artes vivas dedicado a acoger, acompa\u00f1ar y apoyar a procesos de trabajo y experimentaci\u00f3n, generar un di\u00e1logo con el territorio y crear una red con otras estructuras y agentes locales, nacionales e internacionales. Tambi\u00e9n genera un festival anual, actividades formativas a diferentes niveles y presentaciones de procesos de trabajo. <\/p>\n<p>[\/et_pb_text][et_pb_text admin_label=\u00bbText-El centre\u00bb _builder_version=\u00bb4.25.1&#8243; _module_preset=\u00bb_initial\u00bb text_font=\u00bb|300|||||||\u00bb text_text_color=\u00bb#1D1D1B\u00bb text_font_size=\u00bb20px\u00bb text_line_height=\u00bb1.5em\u00bb link_font=\u00bb||||on|||#EA5472|\u00bb link_text_color=\u00bb#1D1D1B\u00bb header_font=\u00bb|300|||||||\u00bb header_font_size=\u00bb50px\u00bb header_2_font=\u00bb|300|||||||\u00bb header_2_text_color=\u00bb#1D1D1B\u00bb header_2_font_size=\u00bb60px\u00bb header_2_line_height=\u00bb1.2em\u00bb header_3_font=\u00bb|600|||||||\u00bb header_3_font_size=\u00bb24px\u00bb header_4_font=\u00bb|700|||||||\u00bb header_5_font=\u00bb|700|||||||\u00bb header_5_text_color=\u00bb#1D1D1B\u00bb header_6_font=\u00bb||||||||\u00bb header_6_font_size=\u00bb13px\u00bb position_origin_f=\u00bbbottom_left\u00bb background_layout=\u00bbdark\u00bb width=\u00bb80%\u00bb width_tablet=\u00bb90%\u00bb width_phone=\u00bb95%\u00bb width_last_edited=\u00bbon|phone\u00bb max_width=\u00bb80%\u00bb module_alignment=\u00bbcenter\u00bb custom_margin=\u00bb80px|30px|80px|10px|false|false\u00bb custom_margin_tablet=\u00bb80px||80px|30px|true|false\u00bb custom_margin_phone=\u00bb|10px||10px|false|true\u00bb custom_margin_last_edited=\u00bbon|phone\u00bb text_font_size_tablet=\u00bb18px\u00bb text_font_size_phone=\u00bb16px\u00bb text_font_size_last_edited=\u00bbon|phone\u00bb text_line_height_tablet=\u00bb1.6em\u00bb text_line_height_phone=\u00bb1.6em\u00bb text_line_height_last_edited=\u00bbon|phone\u00bb header_font_size_tablet=\u00bb45px\u00bb header_font_size_phone=\u00bb40px\u00bb header_font_size_last_edited=\u00bbon|phone\u00bb header_2_font_size_tablet=\u00bb40px\u00bb header_2_font_size_phone=\u00bb30px\u00bb header_2_font_size_last_edited=\u00bbon|phone\u00bb header_3_font_size_tablet=\u00bb22px\u00bb header_3_font_size_phone=\u00bb20px\u00bb header_3_font_size_last_edited=\u00bbon|phone\u00bb header_4_font_size_tablet=\u00bb17px\u00bb header_4_font_size_phone=\u00bb17px\u00bb header_4_font_size_last_edited=\u00bbon|phone\u00bb header_5_font_size_tablet=\u00bb\u00bb header_5_font_size_phone=\u00bb\u00bb header_5_font_size_last_edited=\u00bbon|phone\u00bb global_colors_info=\u00bb{}\u00bb header_text_color__hover=\u00bb#00783B\u00bb header_text_color__hover_enabled=\u00bbon|hover\u00bb header_2_text_color__hover=\u00bb#EA5472&#8243; header_2_text_color__hover_enabled=\u00bbon|desktop\u00bb header_3_text_color__hover=\u00bb#D1BF00&#8243; header_3_text_color__hover_enabled=\u00bbon|hover\u00bb header_4_text_color__hover=\u00bb#B9B3AE\u00bb header_4_text_color__hover_enabled=\u00bbon|hover\u00bb header_5_text_color__hover=\u00bb#D1BF00&#8243; header_5_text_color__hover_enabled=\u00bbon|hover\u00bb header_6_text_color__hover=\u00bb#D1BF00&#8243; header_6_text_color__hover_enabled=\u00bbon|hover\u00bb]<\/p>\n<p>Nuestras residencias apoyan la visi\u00f3n singular de cada creador, buscando proporcionar un espacio de di\u00e1logo e intercambio de experiencias y conocimientos entre artistas de diferentes disciplinas dentro de las artes vivas.<\/p>\n<p>Propiciamos la apertura de la visi\u00f3n de todos y todas en torno a sus propias pr\u00e1cticas, buscando borrar l\u00edmites, abrir nuevas intersecciones y establecer relaciones de colaboraci\u00f3n y complementariedad.<\/p>\n<p>&nbsp;<\/p>\n<p>[\/et_pb_text][\/et_pb_column][\/et_pb_row][et_pb_row use_custom_gutter=\u00bbon\u00bb gutter_width=\u00bb1&#8243; make_equal=\u00bbon\u00bb _builder_version=\u00bb4.24.0&#8243; _module_preset=\u00bbdefault\u00bb width=\u00bb100%\u00bb max_width=\u00bb100%\u00bb custom_margin=\u00bb0px|0px|0px|0px|false|false\u00bb custom_padding=\u00bb0px|0px|0px|0px|false|false\u00bb global_colors_info=\u00bb{}\u00bb][et_pb_column type=\u00bb4_4&#8243; _builder_version=\u00bb4.24.0&#8243; _module_preset=\u00bbdefault\u00bb global_colors_info=\u00bb{}\u00bb][et_pb_gallery gallery_ids=\u00bb3370,3367,744,742&#8243; posts_number=\u00bb6&#8243; show_title_and_caption=\u00bboff\u00bb show_pagination=\u00bboff\u00bb zoom_icon_color=\u00bbRGBA(216,216,216,0)\u00bb hover_overlay_color=\u00bbRGBA(216,216,216,0)\u00bb hover_icon=\u00bb&#x4c;||divi||400&#8243; _builder_version=\u00bb4.25.1&#8243; _module_preset=\u00bbdefault\u00bb caption_text_color=\u00bbRGBA(216,216,216,0)\u00bb global_colors_info=\u00bb{}\u00bb][\/et_pb_gallery][\/et_pb_column][\/et_pb_row][\/et_pb_section]<\/p>\n","protected":false},"excerpt":{"rendered":"<p>EiMa es un centro de creaci\u00f3n e investigaci\u00f3n para la danza y las artes vivas dedicado a acoger, acompa\u00f1ar y apoyar a procesos de trabajo y experimentaci\u00f3n, generar un di\u00e1logo con el territorio y crear una red con otras estructuras y agentes locales, nacionales e internacionales. <\/p>\n","protected":false},"author":3,"featured_media":1912,"parent":0,"menu_order":0,"comment_status":"closed","ping_status":"closed","template":"","meta":{"_acf_changed":false,"_et_pb_use_builder":"on","_et_pb_old_content":"","_et_gb_content_width":"","footnotes":""},"class_list":["post-1519","page","type-page","status-publish","has-post-thumbnail","hentry"],"acf":[],"_links":{"self":[{"href":"https:\/\/eimacreacio.com\/es\/wp-json\/wp\/v2\/pages\/1519","targetHints":{"allow":["GET"]}}],"collection":[{"href":"https:\/\/eimacreacio.com\/es\/wp-json\/wp\/v2\/pages"}],"about":[{"href":"https:\/\/eimacreacio.com\/es\/wp-json\/wp\/v2\/types\/page"}],"author":[{"embeddable":true,"href":"https:\/\/eimacreacio.com\/es\/wp-json\/wp\/v2\/users\/3"}],"replies":[{"embeddable":true,"href":"https:\/\/eimacreacio.com\/es\/wp-json\/wp\/v2\/comments?post=1519"}],"version-history":[{"count":0,"href":"https:\/\/eimacreacio.com\/es\/wp-json\/wp\/v2\/pages\/1519\/revisions"}],"wp:featuredmedia":[{"embeddable":true,"href":"https:\/\/eimacreacio.com\/es\/wp-json\/wp\/v2\/media\/1912"}],"wp:attachment":[{"href":"https:\/\/eimacreacio.com\/es\/wp-json\/wp\/v2\/media?parent=1519"}],"curies":[{"name":"wp","href":"https:\/\/api.w.org\/{rel}","templated":true}]}}