{"id":1505,"date":"2024-02-08T20:00:53","date_gmt":"2024-02-08T19:00:53","guid":{"rendered":"https:\/\/eimacreacio.com\/inici\/sobre-eima\/"},"modified":"2024-06-07T11:39:23","modified_gmt":"2024-06-07T09:39:23","slug":"sobre-eima","status":"publish","type":"page","link":"https:\/\/eimacreacio.com\/es\/sobre-eima\/","title":{"rendered":"Sobre Eima"},"content":{"rendered":"<p>[et_pb_section fb_built=\u00bb1&#8243; admin_label=\u00bb*CABECERA*\u00bb _builder_version=\u00bb4.16&#8243; _module_preset=\u00bbdefault\u00bb custom_padding=\u00bb0px||1px|||\u00bb global_colors_info=\u00bb{}\u00bb][et_pb_row column_structure=\u00bb2_5,3_5&#8243; custom_padding_last_edited=\u00bbon|phone\u00bb _builder_version=\u00bb4.24.0&#8243; _module_preset=\u00bbdefault\u00bb width=\u00bb100%\u00bb max_width=\u00bb100%\u00bb module_alignment=\u00bbleft\u00bb custom_padding=\u00bb50px||0px||false|false\u00bb custom_padding_tablet=\u00bb40px||||false|false\u00bb custom_padding_phone=\u00bb20px||||false|false\u00bb global_colors_info=\u00bb{}\u00bb][et_pb_column type=\u00bb2_5&#8243; _builder_version=\u00bb4.16&#8243; _module_preset=\u00bbdefault\u00bb global_colors_info=\u00bb{}\u00bb][\/et_pb_column][et_pb_column type=\u00bb3_5&#8243; _builder_version=\u00bb4.16&#8243; _module_preset=\u00bbdefault\u00bb global_colors_info=\u00bb{}\u00bb][et_pb_text admin_label=\u00bbH1&#8243; _builder_version=\u00bb4.24.0&#8243; _module_preset=\u00bb_initial\u00bb header_font=\u00bbSora|300|||||||\u00bb header_text_align=\u00bbright\u00bb header_text_color=\u00bb#0e2d41&#8243; header_font_size=\u00bb70px\u00bb header_line_height=\u00bb1.2em\u00bb text_orientation=\u00bbright\u00bb width=\u00bb80%\u00bb width_tablet=\u00bb90%\u00bb width_phone=\u00bb95%\u00bb width_last_edited=\u00bbon|phone\u00bb max_width=\u00bb80%\u00bb module_alignment=\u00bbcenter\u00bb custom_margin=\u00bb40px||40px||true|false\u00bb custom_margin_tablet=\u00bb40px||40px||true|false\u00bb custom_margin_phone=\u00bb||||false\u00bb custom_margin_last_edited=\u00bbon|phone\u00bb header_text_align_tablet=\u00bbright\u00bb header_text_align_phone=\u00bbcenter\u00bb header_text_align_last_edited=\u00bbon|phone\u00bb header_font_size_tablet=\u00bb60px\u00bb header_font_size_phone=\u00bb50px\u00bb header_font_size_last_edited=\u00bbon|phone\u00bb global_colors_info=\u00bb{}\u00bb]<\/p>\n<h1>Acerca de EiMa<\/h1>\n<p>[\/et_pb_text][\/et_pb_column][\/et_pb_row][\/et_pb_section][et_pb_section fb_built=\u00bb1&#8243; _builder_version=\u00bb4.24.1&#8243; _module_preset=\u00bbdefault\u00bb background_image=\u00bbhttps:\/\/eimacreacio.com\/wp-content\/uploads\/2024\/02\/Recurso-21-1.png\u00bb background_size=\u00bbcontain\u00bb custom_margin=\u00bb0px||0px||false|false\u00bb custom_padding=\u00bb0px||0px||false|false\u00bb border_color_all=\u00bb#000000&#8243; border_width_top=\u00bb1px\u00bb border_color_top=\u00bb#06834B\u00bb global_colors_info=\u00bb{}\u00bb][et_pb_row use_custom_gutter=\u00bbon\u00bb gutter_width=\u00bb1&#8243; make_equal=\u00bbon\u00bb _builder_version=\u00bb4.24.0&#8243; _module_preset=\u00bbdefault\u00bb width=\u00bb100%\u00bb max_width=\u00bb100%\u00bb custom_margin=\u00bb0px|0px|0px|0px|false|false\u00bb custom_padding=\u00bb0px|0px|0px|0px|false|false\u00bb global_colors_info=\u00bb{}\u00bb][et_pb_column type=\u00bb4_4&#8243; _builder_version=\u00bb4.24.0&#8243; _module_preset=\u00bbdefault\u00bb global_colors_info=\u00bb{}\u00bb][et_pb_gallery gallery_ids=\u00bb571,632,570&#8243; show_title_and_caption=\u00bboff\u00bb show_pagination=\u00bboff\u00bb zoom_icon_color=\u00bbRGBA(216,216,216,0)\u00bb hover_overlay_color=\u00bbRGBA(216,216,216,0)\u00bb hover_icon=\u00bbL||divi||400&#8243; _builder_version=\u00bb4.25.1&#8243; _module_preset=\u00bbdefault\u00bb caption_text_color=\u00bbRGBA(232,232,232,0)\u00bb global_colors_info=\u00bb{}\u00bb][\/et_pb_gallery][\/et_pb_column][\/et_pb_row][et_pb_row column_structure=\u00bb2_5,3_5&#8243; use_custom_gutter=\u00bbon\u00bb gutter_width=\u00bb1&#8243; make_equal=\u00bbon\u00bb _builder_version=\u00bb4.24.0&#8243; _module_preset=\u00bbdefault\u00bb width=\u00bb100%\u00bb max_width=\u00bb100%\u00bb custom_margin=\u00bb0px|0px|0px|0px|false|false\u00bb custom_padding=\u00bb0px|0px|0px|0px|false|false\u00bb global_colors_info=\u00bb{}\u00bb][et_pb_column type=\u00bb2_5&#8243; _builder_version=\u00bb4.24.0&#8243; _module_preset=\u00bbdefault\u00bb border_color_all=\u00bb#000000&#8243; global_colors_info=\u00bb{}\u00bb][\/et_pb_column][et_pb_column type=\u00bb3_5&#8243; _builder_version=\u00bb4.24.0&#8243; _module_preset=\u00bbdefault\u00bb border_color_all=\u00bb#000000&#8243; global_colors_info=\u00bb{}\u00bb][et_pb_text admin_label=\u00bbText-intro\u00bb _builder_version=\u00bb4.24.0&#8243; _module_preset=\u00bb_initial\u00bb text_font=\u00bb|300|||||||\u00bb text_text_color=\u00bb#000000&#8243; text_font_size=\u00bb24px\u00bb text_line_height=\u00bb1.5em\u00bb link_font=\u00bb||||on|||#EA5472|\u00bb link_text_color=\u00bb#1D1D1B\u00bb header_font=\u00bb|300|||||||\u00bb header_font_size=\u00bb50px\u00bb header_2_font=\u00bb|300|||||||\u00bb header_2_text_color=\u00bb#1D1D1B\u00bb header_2_font_size=\u00bb30px\u00bb header_2_line_height=\u00bb1.4em\u00bb header_3_font=\u00bb|600|||||||\u00bb header_3_text_color=\u00bb#1D1D1B\u00bb header_3_font_size=\u00bb24px\u00bb header_3_line_height=\u00bb1.4em\u00bb header_4_font=\u00bb|700|||||||\u00bb header_5_font=\u00bb|700|||||||\u00bb header_5_text_color=\u00bb#1D1D1B\u00bb header_6_font=\u00bb||||||||\u00bb header_6_font_size=\u00bb13px\u00bb position_origin_f=\u00bbbottom_left\u00bb background_layout=\u00bbdark\u00bb width=\u00bb80%\u00bb width_tablet=\u00bb90%\u00bb width_phone=\u00bb95%\u00bb width_last_edited=\u00bbon|phone\u00bb max_width=\u00bb80%\u00bb module_alignment=\u00bbcenter\u00bb custom_margin=\u00bb100px||40px||false|false\u00bb custom_margin_tablet=\u00bb40px||40px||true|false\u00bb custom_margin_phone=\u00bb80px||||false|false\u00bb custom_margin_last_edited=\u00bbon|phone\u00bb text_font_size_tablet=\u00bb22px\u00bb text_font_size_phone=\u00bb19px\u00bb text_font_size_last_edited=\u00bbon|phone\u00bb header_font_size_tablet=\u00bb45px\u00bb header_font_size_phone=\u00bb40px\u00bb header_font_size_last_edited=\u00bbon|phone\u00bb header_2_font_size_tablet=\u00bb\u00bb header_2_font_size_phone=\u00bb28px\u00bb header_2_font_size_last_edited=\u00bbon|desktop\u00bb header_3_font_size_tablet=\u00bb22px\u00bb header_3_font_size_phone=\u00bb20px\u00bb header_3_font_size_last_edited=\u00bbon|phone\u00bb header_4_font_size_tablet=\u00bb17px\u00bb header_4_font_size_phone=\u00bb17px\u00bb header_4_font_size_last_edited=\u00bbon|phone\u00bb header_5_font_size_tablet=\u00bb\u00bb header_5_font_size_phone=\u00bb\u00bb header_5_font_size_last_edited=\u00bbon|phone\u00bb locked=\u00bboff\u00bb global_colors_info=\u00bb{}\u00bb header_text_color__hover=\u00bb#00783B\u00bb header_text_color__hover_enabled=\u00bbon|hover\u00bb header_2_text_color__hover=\u00bb#EA5472&#8243; header_2_text_color__hover_enabled=\u00bbon|desktop\u00bb header_3_text_color__hover=\u00bb#00783B\u00bb header_3_text_color__hover_enabled=\u00bbon|hover\u00bb header_4_text_color__hover=\u00bb#B9B3AE\u00bb header_4_text_color__hover_enabled=\u00bbon|hover\u00bb header_5_text_color__hover=\u00bb#D1BF00&#8243; header_5_text_color__hover_enabled=\u00bbon|hover\u00bb header_6_text_color__hover=\u00bb#D1BF00&#8243; header_6_text_color__hover_enabled=\u00bbon|hover\u00bb]EiMa es una forma de hacer y pensar. De hecho, EiMa es una palabra en progresivo desuso que alude a la capacidad innata que tenemos las personas de hacer las cosas con sensatez, cuidado y acierto; de discernir y orientarnos hacia lo bueno para nosotros y para los dem\u00e1s.[\/et_pb_text][et_pb_text admin_label=\u00bbText-Sobre Eima\u00bb _builder_version=\u00bb4.25.1&#8243; _module_preset=\u00bb_initial\u00bb text_font=\u00bb|300|||||||\u00bb text_text_color=\u00bb#1D1D1B\u00bb text_font_size=\u00bb20px\u00bb text_line_height=\u00bb1.6em\u00bb link_font=\u00bb||||on|||#EA5472|\u00bb link_text_color=\u00bb#1D1D1B\u00bb header_font=\u00bb|300|||||||\u00bb header_font_size=\u00bb50px\u00bb header_2_font=\u00bb|300|||||||\u00bb header_2_text_color=\u00bb#1D1D1B\u00bb header_2_font_size=\u00bb60px\u00bb header_2_line_height=\u00bb1.2em\u00bb header_3_font=\u00bb|600|||||||\u00bb header_3_font_size=\u00bb24px\u00bb header_4_font=\u00bb|700|||||||\u00bb header_5_font=\u00bb|700|||||||\u00bb header_5_text_color=\u00bb#1D1D1B\u00bb header_6_font=\u00bb||||||||\u00bb header_6_font_size=\u00bb13px\u00bb background_color=\u00bb#FFFFFF\u00bb position_origin_f=\u00bbbottom_left\u00bb background_layout=\u00bbdark\u00bb width=\u00bb80%\u00bb width_tablet=\u00bb90%\u00bb width_phone=\u00bb95%\u00bb width_last_edited=\u00bbon|phone\u00bb max_width=\u00bb80%\u00bb module_alignment=\u00bbcenter\u00bb custom_margin=\u00bb80px|30px|80px|10px|false|false\u00bb custom_margin_tablet=\u00bb80px||80px|30px|true|false\u00bb custom_margin_phone=\u00bb|10px||10px|false|true\u00bb custom_margin_last_edited=\u00bbon|phone\u00bb text_font_size_tablet=\u00bb18px\u00bb text_font_size_phone=\u00bb16px\u00bb text_font_size_last_edited=\u00bbon|phone\u00bb header_font_size_tablet=\u00bb45px\u00bb header_font_size_phone=\u00bb40px\u00bb header_font_size_last_edited=\u00bbon|phone\u00bb header_2_font_size_tablet=\u00bb40px\u00bb header_2_font_size_phone=\u00bb30px\u00bb header_2_font_size_last_edited=\u00bbon|phone\u00bb header_3_font_size_tablet=\u00bb22px\u00bb header_3_font_size_phone=\u00bb20px\u00bb header_3_font_size_last_edited=\u00bbon|phone\u00bb header_4_font_size_tablet=\u00bb17px\u00bb header_4_font_size_phone=\u00bb17px\u00bb header_4_font_size_last_edited=\u00bbon|phone\u00bb header_5_font_size_tablet=\u00bb\u00bb header_5_font_size_phone=\u00bb\u00bb header_5_font_size_last_edited=\u00bbon|phone\u00bb global_colors_info=\u00bb{}\u00bb header_text_color__hover=\u00bb#00783B\u00bb header_text_color__hover_enabled=\u00bbon|hover\u00bb header_2_text_color__hover=\u00bb#EA5472&#8243; header_2_text_color__hover_enabled=\u00bbon|desktop\u00bb header_3_text_color__hover=\u00bb#D1BF00&#8243; header_3_text_color__hover_enabled=\u00bbon|hover\u00bb header_4_text_color__hover=\u00bb#B9B3AE\u00bb header_4_text_color__hover_enabled=\u00bbon|hover\u00bb header_5_text_color__hover=\u00bb#D1BF00&#8243; header_5_text_color__hover_enabled=\u00bbon|hover\u00bb header_6_text_color__hover=\u00bb#D1BF00&#8243; header_6_text_color__hover_enabled=\u00bbon|hover\u00bb]<\/p>\n<p>Y as\u00ed es, queremos revisar y discernir los aciertos, las voces escuchadas de otros artistas, las correcciones obligadas de los procesos creativos, los dibujos coreogr\u00e1ficos, los silencios, las improvisaciones, los textos, los impulsos, los est\u00edmulos visuales y sonoros que nos han nutrido, las creaciones realizadas con edades perif\u00e9ricas, la orientaci\u00f3n que hemos dado a la pedagog\u00eda del movimiento, la mirada atenta a los procesos creativos de los chicos, la imprecisi\u00f3n o desenfoque de los procesos creativos, porque son esto, la vulnerabilidad de hacerlo p\u00fablico, hacerlo visible lo que suele ser invisible&#8230;y todo se revisa para poner una alta dosis de EiMa en el proyecto que nos queda por recorrer.<\/p>\n<p>Partimos del deseo de fomentar y compartir la curiosidad que, al fin y al cabo, es el motor que crea el movimiento. Pero poco a poco ir filtrando e impregnando el ambiente de la confianza necesaria por el hecho de participar no sea alguien extra\u00f1o, sino que se convierte en alguien necesario e imprescindible.<\/p>\n<p>[\/et_pb_text][\/et_pb_column][\/et_pb_row][et_pb_row column_structure=\u00bb2_5,3_5&#8243; use_custom_gutter=\u00bbon\u00bb gutter_width=\u00bb1&#8243; make_equal=\u00bbon\u00bb _builder_version=\u00bb4.24.0&#8243; _module_preset=\u00bbdefault\u00bb width=\u00bb100%\u00bb max_width=\u00bb100%\u00bb custom_margin=\u00bb0px|0px|0px|0px|false|false\u00bb custom_padding=\u00bb0px|0px|0px|0px|false|false\u00bb global_colors_info=\u00bb{}\u00bb][et_pb_column type=\u00bb2_5&#8243; _builder_version=\u00bb4.24.0&#8243; _module_preset=\u00bbdefault\u00bb border_color_all=\u00bb#000000&#8243; global_colors_info=\u00bb{}\u00bb][et_pb_image src=\u00bbhttps:\/\/eimacreacio.com\/wp-content\/uploads\/2024\/02\/Sobre-Eima-img-01.jpg\u00bb title_text=\u00bbSobre-Eima-img-01&#8243; _builder_version=\u00bb4.25.1&#8243; _module_preset=\u00bbdefault\u00bb global_colors_info=\u00bb{}\u00bb][\/et_pb_image][\/et_pb_column][et_pb_column type=\u00bb3_5&#8243; _builder_version=\u00bb4.24.0&#8243; _module_preset=\u00bbdefault\u00bb border_color_all=\u00bb#000000&#8243; global_colors_info=\u00bb{}\u00bb][\/et_pb_column][\/et_pb_row][\/et_pb_section]<\/p>\n","protected":false},"excerpt":{"rendered":"<p>EiMa es una forma de hacer y pensar. De hecho, EiMa es una palabra en progresivo desuso que alude a la capacidad innata que tenemos las personas de hacer las cosas con sensatez, cuidado y acierto; de discernir y orientarnos hacia lo bueno para nosotros y para los dem\u00e1s.<\/p>\n","protected":false},"author":3,"featured_media":1912,"parent":0,"menu_order":0,"comment_status":"closed","ping_status":"closed","template":"","meta":{"_acf_changed":false,"_et_pb_use_builder":"on","_et_pb_old_content":"","_et_gb_content_width":"","footnotes":""},"class_list":["post-1505","page","type-page","status-publish","has-post-thumbnail","hentry"],"acf":[],"_links":{"self":[{"href":"https:\/\/eimacreacio.com\/es\/wp-json\/wp\/v2\/pages\/1505","targetHints":{"allow":["GET"]}}],"collection":[{"href":"https:\/\/eimacreacio.com\/es\/wp-json\/wp\/v2\/pages"}],"about":[{"href":"https:\/\/eimacreacio.com\/es\/wp-json\/wp\/v2\/types\/page"}],"author":[{"embeddable":true,"href":"https:\/\/eimacreacio.com\/es\/wp-json\/wp\/v2\/users\/3"}],"replies":[{"embeddable":true,"href":"https:\/\/eimacreacio.com\/es\/wp-json\/wp\/v2\/comments?post=1505"}],"version-history":[{"count":0,"href":"https:\/\/eimacreacio.com\/es\/wp-json\/wp\/v2\/pages\/1505\/revisions"}],"wp:featuredmedia":[{"embeddable":true,"href":"https:\/\/eimacreacio.com\/es\/wp-json\/wp\/v2\/media\/1912"}],"wp:attachment":[{"href":"https:\/\/eimacreacio.com\/es\/wp-json\/wp\/v2\/media?parent=1505"}],"curies":[{"name":"wp","href":"https:\/\/api.w.org\/{rel}","templated":true}]}}