{"id":3414,"date":"2024-06-03T12:11:20","date_gmt":"2024-06-03T10:11:20","guid":{"rendered":"https:\/\/eimacreacio.com\/cookie-policy\/"},"modified":"2024-06-12T10:17:47","modified_gmt":"2024-06-12T08:17:47","slug":"cookie-policy","status":"publish","type":"page","link":"https:\/\/eimacreacio.com\/en\/cookie-policy\/","title":{"rendered":"Cookie Policy"},"content":{"rendered":"\n<p>In accordance with the provisions of article 22.2 of Law 34\/2002, of July 11, on Services of the Information Society and Electronic Commerce (LSSI-CE) in force, EIMA CREACIO must comply with the obligation to inform about the cookies used and their purposes.<\/p>\n\n<p>This website uses cookies and\/or similar technologies that store and retrieve information when you browse. Cookies allow a web page, among other things, to store and retrieve information about the browsing habits of a User or his equipment and, depending on the information it contains and the way he uses his equipment, they can be used to recognize to the User.<\/p>\n\n<p>Cookies are essential for the functioning of the internet, providing countless advantages in the provision of interactive services, facilitating the navigation and usability of our website.<\/p>\n\n<p>The user can modify the custom configuration HERE.<\/p>\n\n<p>The information we provide below will help you understand the different types of cookies<\/p>\n\n<style type=\"text\/css\">.tg  {border-collapse:collapse;border-spacing:0;}\n.tg td{border-color:black;border-style:solid;border-width:1px;font-family:Arial, sans-serif;font-size:14px;\n  overflow:hidden;padding:10px 5px;word-break:normal;}\n.tg th{border-color:black;border-style:solid;border-width:1px;font-family:Arial, sans-serif;font-size:14px;\n  font-weight:normal;overflow:hidden;padding:10px 5px;word-break:normal;}\n.tg .tg-1wig{font-weight:bold;text-align:left;vertical-align:top}\n.tg .tg-c3ow{border-color:inherit;text-align:center;vertical-align:top}\n.tg .tg-fymr{border-color:inherit;font-weight:bold;text-align:left;vertical-align:top}\n.tg .tg-0pky{border-color:inherit;text-align:left;vertical-align:top}\n.tg .tg-0lax{text-align:left;vertical-align:top}\n<\/style><table class=\"tg\"><thead><tr><th class=\"tg-c3ow\" colspan=\"3\"><span style=\"font-weight:bold\">TIPOS DE COOKIES<\/span><\/th><\/tr><\/thead><tbody><tr><td class=\"tg-fymr\" rowspan=\"2\"><span style=\"font-weight:bold;font-style:normal\">SEG\u00daN LA ENTIDAD <\/span><span style=\"font-weight:bold\">QUE LAS GESTIONE<\/span><\/td><td class=\"tg-0pky\">COOKIES PROPIAS<\/td><td class=\"tg-0pky\">Son aquellas que se env\u00edan al equipo terminal del usuario desde un equipo o dominio gestionado por el propio editor y desde el que se presta el servicio solicitado por el usuario.<\/td><\/tr><tr><td class=\"tg-0pky\"><span style=\"font-weight:400;font-style:normal\">COOKIES <\/span>DE TERCERO<\/td><td class=\"tg-0pky\">Son aquellas que se env\u00edan al equipo terminal del usuario desde un equipo o dominio que no es gestionado por el editor, sino por otra entidad que trata los datos obtenidos a trav\u00e9s de las cookies<\/td><\/tr><tr><td class=\"tg-fymr\" rowspan=\"2\"><span style=\"font-weight:bold;font-style:normal\">SEG\u00daN <\/span><span style=\"font-weight:bold\">EL PLAZO DE TIEMPO QUE PERMANEZCAN ACTIVADAS<\/span><\/td><td class=\"tg-0pky\"><span style=\"font-weight:400;font-style:normal\">COOKIES DE SESI\u00d3N<\/span><\/td><td class=\"tg-0pky\">Son aquellas dise\u00f1adas para recabar y almacenar datos mientras el usuario accede a una p\u00e1gina web. Se suelen emplear para almacenar informaci\u00f3n que solo interesa conservar para la prestaci\u00f3n del servicio solicitado por el usuario en una sola ocasi\u00f3n (por ejemplo, una lista de productos adquiridos) y desaparecen al terminar la sesi\u00f3n<\/td><\/tr><tr><td class=\"tg-0lax\"><span style=\"font-weight:400;font-style:normal\">COOKIES <\/span>PERSISTENTES<\/td><td class=\"tg-0lax\">Son aquellas en las que los datos siguen almacenados en el terminal y pueden ser accedidos y tratados durante un periodo definido por el responsable de la cookie, y que puede ir de unos minutos a varios a\u00f1os<\/td><\/tr><tr><td class=\"tg-1wig\" rowspan=\"5\"><span style=\"font-weight:bold;font-style:normal\">SEG\u00daN <\/span><span style=\"font-weight:bold\">SU FINALIDAD<\/span><\/td><td class=\"tg-0lax\">COOKIES T\u00c9CNICAS<\/td><td class=\"tg-0lax\">Son aquellas que permiten al usuario la navegaci\u00f3n a trav\u00e9s de una p\u00e1gina web, plataforma o aplicaci\u00f3n y la utilizaci\u00f3n de las diferentes opciones o servicios que en ella existan<\/td><\/tr><tr><td class=\"tg-0lax\"><span style=\"font-weight:400;font-style:normal\">COOKIES <\/span>DE PERSONALIZACI\u00d3N<\/td><td class=\"tg-0lax\">Permiten aplicar caracter\u00edsticas propias para la navegaci\u00f3n del usuario por el website (Ej. idioma)<\/td><\/tr><tr><td class=\"tg-0lax\">COOKIES DE AN\u00c1LISIS<\/td><td class=\"tg-0lax\">Son aquellas que permiten al responsable de estas el seguimiento y an\u00e1lisis del comportamiento de los usuarios de los sitios web a los que est\u00e1n vinculadas, incluida la cuantificaci\u00f3n de los impactos de los anuncios. La informaci\u00f3n recogida mediante este tipo de cookies se utiliza en la medici\u00f3n de la actividad de los sitios web, aplicaci\u00f3n o plataforma, con el fin de introducir mejoras en funci\u00f3n del an\u00e1lisis de los datos de uso que hacen los usuarios del servicio.<\/td><\/tr><tr><td class=\"tg-0lax\">COOKIES PUBLICITARIAS<\/td><td class=\"tg-0lax\">Permiten al editor incluir en la p\u00e1gina web espacios publicitarios, seg\u00fan el contenido de la propia web.<\/td><\/tr><tr><td class=\"tg-0pky\">COOKIES DE PUBLICIDAD COMPORTAMENTAL<\/td><td class=\"tg-0pky\">Son aquellas que almacenan informaci\u00f3n del comportamiento de los usuarios obtenida a trav\u00e9s de la observaci\u00f3n continuada de sus h\u00e1bitos de navegaci\u00f3n, lo que permite desarrollar un perfil espec\u00edfico para mostrar publicidad en funci\u00f3n del mismo<\/td><\/tr><\/tbody><\/table>\n\n<p>Additionally, EIMA CREACIO informs in more detail about the cookies used by their holders, the use or specific purpose, the conservation periods, as well as the possible International Data Transfers of each of them used on our website:<br\/><\/p>\n\n<p><strong>OWN COOKIES<br\/><\/strong><\/p>\n\n<pre class=\"wp-block-code\"><code>&#91;cmplz-document type=\"cookie-statement\" region=\"eu\"]<\/code><\/pre>\n\n<p>[cmplz-document type=&#8221;cookie-statement&#8221; region=&#8221;eu&#8221;]  You can find out about international transfers to third countries that, where appropriate, are carried out by THIRD PARTIES, identified in this cookie policy, in their corresponding policies (click on the cookie holder).<\/p>\n\n<p>EIMA CREACIO provides more comprehensive information on international transfers derived from the use of its own cookies.<\/p>\n\n<p>(table)<\/p>\n\n<p>Please note that, if you accept third-party cookies, you must delete them from the browser options or from the system offered by the third party itself.<\/p>\n\n<p><canvas width=\"1792\" height=\"2527\"><\/canvas><\/p>\n\n<p>Below, we provide you with the links of several browsers, through which you can modify your browser&#8217;s configuration regarding the use of cookies:<\/p>\n\n<p>Firefox: <a href=\"https:\/\/support.mozilla.org\/es\/kb\/cookies-informacion-que-los-sitios-web-guardan-en-%20\">https:\/\/support.mozilla.org\/es\/kb\/cookies-informacion-que-los-sitios-web-guardan-en-<\/a> <\/p>\n\n<p>Chrome: <a href=\"http:\/\/support.google.com\/chrome\/bin\/answer.py?hl=es&amp;answer=95647\">http:\/\/support.google.com\/chrome\/bin\/answer.py?hl=es&amp;answer=95647<\/a><\/p>\n\n<p>Internet Explorer: <a href=\"http:\/\/windows.microsoft.com\/es-es\/internet-explorer\/delete-manage-cookies#ie=ie-10\">http:\/\/windows.microsoft.com\/es-es\/internet-explorer\/delete-manage-cookies#ie=ie-10<\/a><\/p>\n\n<p>Microsoft Edge: <a href=\"https:\/\/support.microsoft.com\/es-es\/microsoft-edge\/eliminar-las-cookies-en-microsoft-edge-63947406-40ac-c3b8-57b9-2a946a29ae09\">https:\/\/support.microsoft.com\/es-es\/microsoft-edge\/eliminar-las-cookies-en-microsoft-edge-63947406-40ac-c3b8-57b9-2a946a29ae09<\/a><\/p>\n\n<p>Safari: <a href=\"https:\/\/support.apple.com\/kb\/ph17191?locale=es_ES\">https:\/\/support.apple.com\/kb\/ph17191?locale=es_ES<\/a><\/p>\n\n<p>Opera: <a href=\"https:\/\/help.opera.com\/en\/latest\/web-preferences\/#cookies\">https:\/\/help.opera.com\/en\/latest\/web-preferences\/#cookies<\/a><\/p>\n\n<p>To know more information about the treatment of personal data, we recommend visiting our &#8220;Privacy Policy&#8221; section.<\/p>\n\n<p>Last updated: April 9, 2024.<\/p>\n\n<p><canvas width=\"1792\" height=\"2527\"><\/canvas><\/p>\n\n<p><\/p>\n\n<p><\/p>\n\n<p><\/p>\n","protected":false},"excerpt":{"rendered":"<p>In accordance with the provisions of article 22.2 of Law 34\/2002, of July 11, on Services of the Information Society and Electronic Commerce (LSSI-CE) in force, EIMA CREACIO must comply with the obligation to inform about the cookies used and their purposes. This website uses cookies and\/or similar technologies that store and retrieve information when [&hellip;]<\/p>\n","protected":false},"author":3,"featured_media":3224,"parent":0,"menu_order":0,"comment_status":"closed","ping_status":"closed","template":"","meta":{"_acf_changed":false,"_et_pb_use_builder":"off","_et_pb_old_content":"","_et_gb_content_width":"","footnotes":""},"class_list":["post-3414","page","type-page","status-publish","has-post-thumbnail","hentry"],"acf":[],"_links":{"self":[{"href":"https:\/\/eimacreacio.com\/en\/wp-json\/wp\/v2\/pages\/3414","targetHints":{"allow":["GET"]}}],"collection":[{"href":"https:\/\/eimacreacio.com\/en\/wp-json\/wp\/v2\/pages"}],"about":[{"href":"https:\/\/eimacreacio.com\/en\/wp-json\/wp\/v2\/types\/page"}],"author":[{"embeddable":true,"href":"https:\/\/eimacreacio.com\/en\/wp-json\/wp\/v2\/users\/3"}],"replies":[{"embeddable":true,"href":"https:\/\/eimacreacio.com\/en\/wp-json\/wp\/v2\/comments?post=3414"}],"version-history":[{"count":0,"href":"https:\/\/eimacreacio.com\/en\/wp-json\/wp\/v2\/pages\/3414\/revisions"}],"wp:featuredmedia":[{"embeddable":true,"href":"https:\/\/eimacreacio.com\/en\/wp-json\/wp\/v2\/media\/3224"}],"wp:attachment":[{"href":"https:\/\/eimacreacio.com\/en\/wp-json\/wp\/v2\/media?parent=3414"}],"curies":[{"name":"wp","href":"https:\/\/api.w.org\/{rel}","templated":true}]}}